{"id":7634,"date":"2025-08-05T22:37:26","date_gmt":"2025-08-05T19:37:26","guid":{"rendered":"https:\/\/smartal.ee\/?post_type=product&#038;p=7634"},"modified":"2025-08-05T22:46:51","modified_gmt":"2025-08-05T19:46:51","slug":"universaalne-imav-matt","status":"publish","type":"product","link":"https:\/\/smartal.ee\/ru\/shop\/tookoja-ja-toostuskeemia\/universaalne-imav-matt\/","title":{"rendered":"Universaalne imav matt"},"content":{"rendered":"<p>Universaalne imav matt<\/p>\n<div class=\"marketingSection AT_PublicationShortTextUSP\">\u00f5hus kahepoolne matt igasuguste vedelike, nt \u00f5li, vee, kemikaalide ja l\u00f5ikevedelike imamiseks<\/div>\n<div class=\"marketingSection AT_PublicationInstructions\">\n<ul>\n<li>Valmistatud pol\u00fcprop\u00fcleenkiududest, m\u00f5lemal k\u00fcljel on vastupidav lausriidest kiht.<\/li>\n<li>Perforeeritud matti saab h\u00f5lpsasti l\u00f5igata.<\/li>\n<li>V\u00f5ib kasutada temperatuuril kuni 160 \u00b0C.<\/li>\n<\/ul>\n<table class=\"tech_table mb-5\">\n<tbody>\n<tr>\n<td class=\"tech_col_left\">Materjal<\/td>\n<td class=\"tech_col_left\">PP<\/td>\n<\/tr>\n<tr>\n<td class=\"tech_col_left\">V\u00e4rv<\/td>\n<td class=\"tech_col_left\">Hall<\/td>\n<\/tr>\n<tr>\n<td class=\"tech_col_left\">Pikkus x laius<\/td>\n<td class=\"tech_col_left\">5000 x 40 cm<\/td>\n<\/tr>\n<tr>\n<td class=\"tech_col_left\">Pikkus<\/td>\n<td class=\"tech_col_left\">50 m<\/td>\n<\/tr>\n<tr>\n<td class=\"tech_col_left\">Laius<\/td>\n<td class=\"tech_col_left\">40 cm<\/td>\n<\/tr>\n<tr>\n<td class=\"tech_col_left\">Riidet\u00fckkide arv<\/td>\n<td class=\"tech_col_left\">125 Stck(pcs)<\/td>\n<\/tr>\n<\/tbody>\n<\/table>\n<p><strong>Pakendis 1 rull\u00a0<\/strong><\/p>\n<\/div>\n<p>&nbsp;<\/p>\n<p>&nbsp;<\/p>\n<p><span id=\"p369R_mc121\" class=\"markedContent\"><\/span><span id=\"p369R_mc122\" class=\"markedContent\"><\/span><span id=\"p369R_mc125\" class=\"markedContent\"><br role=\"presentation\" \/><\/span><span id=\"p369R_mc138\" class=\"markedContent\"><\/span><\/p>\n<p>&nbsp;<\/p>\n<h4><\/h4>","protected":false},"excerpt":{"rendered":"<p>Universaalne imav matt \u00f5hus kahepoolne matt igasuguste vedelike, nt \u00f5li, vee, kemikaalide ja l\u00f5ikevedelike imamiseks Valmistatud pol\u00fcprop\u00fcleenkiududest, m\u00f5lemal k\u00fcljel on vastupidav lausriidest kiht. Perforeeritud matti saab h\u00f5lpsasti l\u00f5igata. V\u00f5ib kasutada temperatuuril kuni 160 \u00b0C. Materjal PP V\u00e4rv Hall Pikkus x laius 5000 x 40 cm Pikkus 50 m Laius 40 cm Riidet\u00fckkide arv 125 Stck(pcs) [&hellip;]<\/p>","protected":false},"featured_media":7635,"template":"","meta":{"_regular_price":["119.99"],"currency_symbol":[],"ub_ctt_via":""},"product_brand":[],"product_cat":[132],"product_tag":[],"class_list":{"0":"post-7634","1":"product","2":"type-product","3":"status-publish","4":"has-post-thumbnail","6":"product_cat-tookoja-ja-toostuskeemia","8":"first","9":"instock","10":"taxable","11":"shipping-taxable","12":"purchasable","13":"product-type-simple"},"post_slider_layout_featured_media_urls":{"thumbnail":["https:\/\/smartal.ee\/wp-content\/uploads\/2025\/08\/2431080-150x150.avif",150,150,true],"post_slider_layout_landscape_large":["https:\/\/smartal.ee\/wp-content\/uploads\/2025\/08\/2431080.avif",800,800,false],"post_slider_layout_portrait_large":["https:\/\/smartal.ee\/wp-content\/uploads\/2025\/08\/2431080.avif",800,800,false],"post_slider_layout_square_large":["https:\/\/smartal.ee\/wp-content\/uploads\/2025\/08\/2431080.avif",800,800,false],"post_slider_layout_landscape":["https:\/\/smartal.ee\/wp-content\/uploads\/2025\/08\/2431080.avif",400,400,false],"post_slider_layout_portrait":["https:\/\/smartal.ee\/wp-content\/uploads\/2025\/08\/2431080.avif",600,600,false],"post_slider_layout_square":["https:\/\/smartal.ee\/wp-content\/uploads\/2025\/08\/2431080.avif",600,600,false],"full":["https:\/\/smartal.ee\/wp-content\/uploads\/2025\/08\/2431080.avif",800,800,false]},"_links":{"self":[{"href":"https:\/\/smartal.ee\/ru\/wp-json\/wp\/v2\/product\/7634","targetHints":{"allow":["GET"]}}],"collection":[{"href":"https:\/\/smartal.ee\/ru\/wp-json\/wp\/v2\/product"}],"about":[{"href":"https:\/\/smartal.ee\/ru\/wp-json\/wp\/v2\/types\/product"}],"wp:featuredmedia":[{"embeddable":true,"href":"https:\/\/smartal.ee\/ru\/wp-json\/wp\/v2\/media\/7635"}],"wp:attachment":[{"href":"https:\/\/smartal.ee\/ru\/wp-json\/wp\/v2\/media?parent=7634"}],"wp:term":[{"taxonomy":"product_brand","embeddable":true,"href":"https:\/\/smartal.ee\/ru\/wp-json\/wp\/v2\/product_brand?post=7634"},{"taxonomy":"product_cat","embeddable":true,"href":"https:\/\/smartal.ee\/ru\/wp-json\/wp\/v2\/product_cat?post=7634"},{"taxonomy":"product_tag","embeddable":true,"href":"https:\/\/smartal.ee\/ru\/wp-json\/wp\/v2\/product_tag?post=7634"}],"curies":[{"name":"wp","href":"https:\/\/api.w.org\/{rel}","templated":true}]}}