{"id":7641,"date":"2025-08-05T23:09:57","date_gmt":"2025-08-05T20:09:57","guid":{"rendered":"https:\/\/smartal.ee\/?post_type=product&#038;p=7641"},"modified":"2025-08-05T23:26:36","modified_gmt":"2025-08-05T20:26:36","slug":"pikendusjuhe-15m-230v-16a-ip20","status":"publish","type":"product","link":"https:\/\/smartal.ee\/ru\/shop\/elekter\/pikendusjuhtmed\/pikendusjuhe-15m-230v-16a-ip20\/","title":{"rendered":"Pikendusjuhe 15m 230V 16A IP20"},"content":{"rendered":"<h3>Pikendusjuhe 15m 230V 16A IP20<\/h3>\n<p>Vastupidav korpus, mis hoiab kaabli puhta ja korrastatuna. Sirget pistikut on lihtne kasutada ja kabli sissekerimise h\u00f5lbustamiseks on eraldi nupp.<\/p>\n<table class=\"tech_table mb-5\">\n<tbody>\n<tr>\n<td class=\"tech_col_left\">Kaabli t\u00fc\u00fcp<\/td>\n<td class=\"tech_col_left\">H05VV-F3G1.5 mm\u00b2<\/td>\n<\/tr>\n<tr>\n<td class=\"tech_col_left\">Kaabli pikkus<\/td>\n<td class=\"tech_col_left\">15 m<\/td>\n<\/tr>\n<tr>\n<td class=\"tech_col_left\">Kuju<\/td>\n<td class=\"tech_col_left\">4 maanduskontaktiga pistikupesad<\/td>\n<\/tr>\n<tr>\n<td class=\"tech_col_left\">Nominaalvool<\/td>\n<td class=\"tech_col_left\">16 A<\/td>\n<\/tr>\n<tr>\n<td class=\"tech_col_left\">Nominaalpinge<\/td>\n<td class=\"tech_col_left\">240 V\/AC<\/td>\n<\/tr>\n<tr>\n<td class=\"tech_col_left\">IP kaitseklass<\/td>\n<td class=\"tech_col_left\">IP 20<\/td>\n<\/tr>\n<tr>\n<td class=\"tech_col_left\">Pikkus x laius x k\u00f5rgus<\/td>\n<td class=\"tech_col_left\">230 x 80 x 280 mm<\/td>\n<\/tr>\n<tr>\n<td class=\"tech_col_left\">\u00dclekuumenemise kaitse<\/td>\n<td class=\"tech_col_left\">Termiline vooluahela katkestaja<\/td>\n<\/tr>\n<\/tbody>\n<\/table>\n<h3><\/h3>\n<p>&nbsp;<\/p>\n<div class=\"row\">\n<div class=\"col-md-8\">\n<p class=\"c-series-data__paragraph\">\n<\/div>\n<\/div>","protected":false},"excerpt":{"rendered":"<p>Pikendusjuhe 15m 230V 16A IP20 Vastupidav korpus, mis hoiab kaabli puhta ja korrastatuna. Sirget pistikut on lihtne kasutada ja kabli sissekerimise h\u00f5lbustamiseks on eraldi nupp. Kaabli t\u00fc\u00fcp H05VV-F3G1.5 mm\u00b2 Kaabli pikkus 15 m Kuju 4 maanduskontaktiga pistikupesad Nominaalvool 16 A Nominaalpinge 240 V\/AC IP kaitseklass IP 20 Pikkus x laius x k\u00f5rgus 230 x 80 [&hellip;]<\/p>","protected":false},"featured_media":7640,"template":"","meta":{"_regular_price":["60.99"],"currency_symbol":[],"ub_ctt_via":""},"product_brand":[],"product_cat":[168],"product_tag":[],"class_list":{"0":"post-7641","1":"product","2":"type-product","3":"status-publish","4":"has-post-thumbnail","6":"product_cat-pikendusjuhtmed","8":"first","9":"instock","10":"taxable","11":"shipping-taxable","12":"purchasable","13":"product-type-simple"},"post_slider_layout_featured_media_urls":{"thumbnail":["https:\/\/smartal.ee\/wp-content\/uploads\/2025\/08\/2423745-150x150.jpg",150,150,true],"post_slider_layout_landscape_large":["https:\/\/smartal.ee\/wp-content\/uploads\/2025\/08\/2423745.jpg",576,576,false],"post_slider_layout_portrait_large":["https:\/\/smartal.ee\/wp-content\/uploads\/2025\/08\/2423745.jpg",576,576,false],"post_slider_layout_square_large":["https:\/\/smartal.ee\/wp-content\/uploads\/2025\/08\/2423745.jpg",576,576,false],"post_slider_layout_landscape":["https:\/\/smartal.ee\/wp-content\/uploads\/2025\/08\/2423745.jpg",400,400,false],"post_slider_layout_portrait":["https:\/\/smartal.ee\/wp-content\/uploads\/2025\/08\/2423745.jpg",576,576,false],"post_slider_layout_square":["https:\/\/smartal.ee\/wp-content\/uploads\/2025\/08\/2423745.jpg",576,576,false],"full":["https:\/\/smartal.ee\/wp-content\/uploads\/2025\/08\/2423745.jpg",576,576,false]},"_links":{"self":[{"href":"https:\/\/smartal.ee\/ru\/wp-json\/wp\/v2\/product\/7641","targetHints":{"allow":["GET"]}}],"collection":[{"href":"https:\/\/smartal.ee\/ru\/wp-json\/wp\/v2\/product"}],"about":[{"href":"https:\/\/smartal.ee\/ru\/wp-json\/wp\/v2\/types\/product"}],"wp:featuredmedia":[{"embeddable":true,"href":"https:\/\/smartal.ee\/ru\/wp-json\/wp\/v2\/media\/7640"}],"wp:attachment":[{"href":"https:\/\/smartal.ee\/ru\/wp-json\/wp\/v2\/media?parent=7641"}],"wp:term":[{"taxonomy":"product_brand","embeddable":true,"href":"https:\/\/smartal.ee\/ru\/wp-json\/wp\/v2\/product_brand?post=7641"},{"taxonomy":"product_cat","embeddable":true,"href":"https:\/\/smartal.ee\/ru\/wp-json\/wp\/v2\/product_cat?post=7641"},{"taxonomy":"product_tag","embeddable":true,"href":"https:\/\/smartal.ee\/ru\/wp-json\/wp\/v2\/product_tag?post=7641"}],"curies":[{"name":"wp","href":"https:\/\/api.w.org\/{rel}","templated":true}]}}