{"id":7807,"date":"2025-08-17T10:45:26","date_gmt":"2025-08-17T07:45:26","guid":{"rendered":"https:\/\/smartal.ee\/?post_type=product&#038;p=7807"},"modified":"2025-08-17T10:47:09","modified_gmt":"2025-08-17T07:47:09","slug":"metal-work-syntesi-sy1-1-4-regulaator-0-8-bar","status":"publish","type":"product","link":"https:\/\/smartal.ee\/ru\/shop\/suruohk-pneumaatika\/metal-work-pneumaatika\/metal-work-syntesi-sy1-1-4-regulaator-0-8-bar\/","title":{"rendered":"METAL WORK SYNTESI SY1 1\/4 Regulaator 0-8 BAR"},"content":{"rendered":"<h4>METAL WORK SYNTESI SY1 1\/4 Regulaator 0-8 BAR<\/h4>\n<table id=\"product-attribute-specs-table\" class=\"data table additional-attributes\">\n<tbody>\n<tr>\n<th class=\"col label\" scope=\"row\">Keere<\/th>\n<td class=\"col data\" data-th=\"Keere 1\">G 1\/4&#8243;<\/td>\n<\/tr>\n<tr>\n<th class=\"col label\" scope=\"row\">T\u00f6\u00f6surve (bar)<\/th>\n<td class=\"col data\" data-th=\"T\u00f6\u00f6surve (bar)\">15<\/td>\n<\/tr>\n<tr>\n<th class=\"col label\" scope=\"row\">Materjal<\/th>\n<td class=\"col data\" data-th=\"Materjal\">Tehnopol\u00fcmeer<\/td>\n<\/tr>\n<tr>\n<th class=\"col label\" scope=\"row\">T\u00fc\u00fcp<\/th>\n<td class=\"col data\" data-th=\"T\u00fc\u00fcp\">Regulaator<\/td>\n<\/tr>\n<tr>\n<th class=\"col label\" scope=\"row\">Minimaalne t\u00f6\u00f6temperatuur (\u00b0C)<\/th>\n<td class=\"col data\" data-th=\"Minimaalne t\u00f6\u00f6temperatuur (\u00b0C)\">-10<\/td>\n<\/tr>\n<tr>\n<th class=\"col label\" scope=\"row\">Maksimaalne t\u00f6\u00f6temperatuur (\u00b0C)<\/th>\n<td class=\"col data\" data-th=\"Maksimaalne t\u00f6\u00f6temperatuur (\u00b0C)\">50<\/td>\n<\/tr>\n<\/tbody>\n<\/table>\n<div class=\"name-description name-description-desktop\"><\/div>","protected":false},"excerpt":{"rendered":"<p>METAL WORK SYNTESI SY1 1\/4 Regulaator 0-8 BAR Keere G 1\/4&#8243; T\u00f6\u00f6surve (bar) 15 Materjal Tehnopol\u00fcmeer T\u00fc\u00fcp Regulaator Minimaalne t\u00f6\u00f6temperatuur (\u00b0C) -10 Maksimaalne t\u00f6\u00f6temperatuur (\u00b0C) 50<\/p>","protected":false},"featured_media":5330,"template":"","meta":{"_regular_price":["43.99"],"currency_symbol":[],"ub_ctt_via":""},"product_brand":[],"product_cat":[113],"product_tag":[],"class_list":{"0":"post-7807","1":"product","2":"type-product","3":"status-publish","4":"has-post-thumbnail","6":"product_cat-metal-work-pneumaatika","8":"first","9":"instock","10":"taxable","11":"shipping-taxable","12":"purchasable","13":"product-type-simple"},"post_slider_layout_featured_media_urls":{"thumbnail":["https:\/\/smartal.ee\/wp-content\/uploads\/2023\/12\/Metal-Work-Syntesi-Paineensaadin-1-150x150.png",150,150,true],"post_slider_layout_landscape_large":["https:\/\/smartal.ee\/wp-content\/uploads\/2023\/12\/Metal-Work-Syntesi-Paineensaadin-1.png",726,726,false],"post_slider_layout_portrait_large":["https:\/\/smartal.ee\/wp-content\/uploads\/2023\/12\/Metal-Work-Syntesi-Paineensaadin-1.png",726,726,false],"post_slider_layout_square_large":["https:\/\/smartal.ee\/wp-content\/uploads\/2023\/12\/Metal-Work-Syntesi-Paineensaadin-1.png",726,726,false],"post_slider_layout_landscape":["https:\/\/smartal.ee\/wp-content\/uploads\/2023\/12\/Metal-Work-Syntesi-Paineensaadin-1-600x400.png",600,400,true],"post_slider_layout_portrait":["https:\/\/smartal.ee\/wp-content\/uploads\/2023\/12\/Metal-Work-Syntesi-Paineensaadin-1-600x726.png",600,726,true],"post_slider_layout_square":["https:\/\/smartal.ee\/wp-content\/uploads\/2023\/12\/Metal-Work-Syntesi-Paineensaadin-1-600x600.png",600,600,true],"full":["https:\/\/smartal.ee\/wp-content\/uploads\/2023\/12\/Metal-Work-Syntesi-Paineensaadin-1.png",726,726,false]},"_links":{"self":[{"href":"https:\/\/smartal.ee\/ru\/wp-json\/wp\/v2\/product\/7807","targetHints":{"allow":["GET"]}}],"collection":[{"href":"https:\/\/smartal.ee\/ru\/wp-json\/wp\/v2\/product"}],"about":[{"href":"https:\/\/smartal.ee\/ru\/wp-json\/wp\/v2\/types\/product"}],"wp:featuredmedia":[{"embeddable":true,"href":"https:\/\/smartal.ee\/ru\/wp-json\/wp\/v2\/media\/5330"}],"wp:attachment":[{"href":"https:\/\/smartal.ee\/ru\/wp-json\/wp\/v2\/media?parent=7807"}],"wp:term":[{"taxonomy":"product_brand","embeddable":true,"href":"https:\/\/smartal.ee\/ru\/wp-json\/wp\/v2\/product_brand?post=7807"},{"taxonomy":"product_cat","embeddable":true,"href":"https:\/\/smartal.ee\/ru\/wp-json\/wp\/v2\/product_cat?post=7807"},{"taxonomy":"product_tag","embeddable":true,"href":"https:\/\/smartal.ee\/ru\/wp-json\/wp\/v2\/product_tag?post=7807"}],"curies":[{"name":"wp","href":"https:\/\/api.w.org\/{rel}","templated":true}]}}