{"id":7815,"date":"2025-08-17T11:54:15","date_gmt":"2025-08-17T08:54:15","guid":{"rendered":"https:\/\/smartal.ee\/?post_type=product&#038;p=7815"},"modified":"2025-08-17T11:55:40","modified_gmt":"2025-08-17T08:55:40","slug":"metal-work-syntesi-sy2-1-2-v3v-manual","status":"publish","type":"product","link":"https:\/\/smartal.ee\/ru\/shop\/suruohk-pneumaatika\/metal-work-pneumaatika\/metal-work-syntesi-sy2-1-2-v3v-manual\/","title":{"rendered":"METAL WORK SYNTESI  SY2 1\/2 V3V MANUAL"},"content":{"rendered":"<h4>METAL WORK SYNTESI <span class=\"base\" data-ui-id=\"page-title-wrapper\">SY2 1\/2 V3V MANUAL<\/span><\/h4>\n<p>&nbsp;<\/p>\n<div class=\"name-description name-description-desktop\">\n<table id=\"product-attribute-specs-table\" class=\"data table additional-attributes\">\n<tbody>\n<tr>\n<th class=\"col label\" scope=\"row\">Keere 1<\/th>\n<td class=\"col data\" data-th=\"Keere 1\">G 1\/2&#8243;<\/td>\n<\/tr>\n<tr>\n<th class=\"col label\" scope=\"row\">T\u00f6\u00f6surve (bar)<\/th>\n<td class=\"col data\" data-th=\"T\u00f6\u00f6surve (bar)\">13<\/td>\n<\/tr>\n<tr>\n<th class=\"col label\" scope=\"row\">Materjal<\/th>\n<td class=\"col data\" data-th=\"Materjal\">Tehnopol\u00fcmeer<\/td>\n<\/tr>\n<tr>\n<th class=\"col label\" scope=\"row\">T\u00fc\u00fcp<\/th>\n<td class=\"col data\" data-th=\"T\u00fc\u00fcp\">V3V ventiil<\/td>\n<\/tr>\n<tr>\n<th class=\"col label\" scope=\"row\">Minimaalne t\u00f6\u00f6temperatuur (\u00b0C)<\/th>\n<td class=\"col data\" data-th=\"Minimaalne t\u00f6\u00f6temperatuur (\u00b0C)\">-10<\/td>\n<\/tr>\n<tr>\n<th class=\"col label\" scope=\"row\">Maksimaalne t\u00f6\u00f6temperatuur (\u00b0C)<\/th>\n<td class=\"col data\" data-th=\"Maksimaalne t\u00f6\u00f6temperatuur (\u00b0C)\">50<\/td>\n<\/tr>\n<\/tbody>\n<\/table>\n<\/div>","protected":false},"excerpt":{"rendered":"<p>METAL WORK SYNTESI SY2 1\/2 V3V MANUAL &nbsp; Keere 1 G 1\/2&#8243; T\u00f6\u00f6surve (bar) 13 Materjal Tehnopol\u00fcmeer T\u00fc\u00fcp V3V ventiil Minimaalne t\u00f6\u00f6temperatuur (\u00b0C) -10 Maksimaalne t\u00f6\u00f6temperatuur (\u00b0C) 50<\/p>","protected":false},"featured_media":7806,"template":"","meta":{"_regular_price":["85.99"],"currency_symbol":[],"ub_ctt_via":""},"product_brand":[],"product_cat":[113],"product_tag":[],"class_list":{"0":"post-7815","1":"product","2":"type-product","3":"status-publish","4":"has-post-thumbnail","6":"product_cat-metal-work-pneumaatika","8":"first","9":"instock","10":"taxable","11":"shipping-taxable","12":"purchasable","13":"product-type-simple"},"post_slider_layout_featured_media_urls":{"thumbnail":["https:\/\/smartal.ee\/wp-content\/uploads\/2025\/08\/pu5612v102_syntesy-v3v-manual-150x150.png",150,150,true],"post_slider_layout_landscape_large":["https:\/\/smartal.ee\/wp-content\/uploads\/2025\/08\/pu5612v102_syntesy-v3v-manual.png",700,700,false],"post_slider_layout_portrait_large":["https:\/\/smartal.ee\/wp-content\/uploads\/2025\/08\/pu5612v102_syntesy-v3v-manual.png",700,700,false],"post_slider_layout_square_large":["https:\/\/smartal.ee\/wp-content\/uploads\/2025\/08\/pu5612v102_syntesy-v3v-manual.png",700,700,false],"post_slider_layout_landscape":["https:\/\/smartal.ee\/wp-content\/uploads\/2025\/08\/pu5612v102_syntesy-v3v-manual-600x400.png",600,400,true],"post_slider_layout_portrait":["https:\/\/smartal.ee\/wp-content\/uploads\/2025\/08\/pu5612v102_syntesy-v3v-manual-600x700.png",600,700,true],"post_slider_layout_square":["https:\/\/smartal.ee\/wp-content\/uploads\/2025\/08\/pu5612v102_syntesy-v3v-manual-600x600.png",600,600,true],"full":["https:\/\/smartal.ee\/wp-content\/uploads\/2025\/08\/pu5612v102_syntesy-v3v-manual.png",700,700,false]},"_links":{"self":[{"href":"https:\/\/smartal.ee\/ru\/wp-json\/wp\/v2\/product\/7815","targetHints":{"allow":["GET"]}}],"collection":[{"href":"https:\/\/smartal.ee\/ru\/wp-json\/wp\/v2\/product"}],"about":[{"href":"https:\/\/smartal.ee\/ru\/wp-json\/wp\/v2\/types\/product"}],"wp:featuredmedia":[{"embeddable":true,"href":"https:\/\/smartal.ee\/ru\/wp-json\/wp\/v2\/media\/7806"}],"wp:attachment":[{"href":"https:\/\/smartal.ee\/ru\/wp-json\/wp\/v2\/media?parent=7815"}],"wp:term":[{"taxonomy":"product_brand","embeddable":true,"href":"https:\/\/smartal.ee\/ru\/wp-json\/wp\/v2\/product_brand?post=7815"},{"taxonomy":"product_cat","embeddable":true,"href":"https:\/\/smartal.ee\/ru\/wp-json\/wp\/v2\/product_cat?post=7815"},{"taxonomy":"product_tag","embeddable":true,"href":"https:\/\/smartal.ee\/ru\/wp-json\/wp\/v2\/product_tag?post=7815"}],"curies":[{"name":"wp","href":"https:\/\/api.w.org\/{rel}","templated":true}]}}