{"id":7819,"date":"2025-08-17T22:13:02","date_gmt":"2025-08-17T19:13:02","guid":{"rendered":"https:\/\/smartal.ee\/?post_type=product&#038;p=7819"},"modified":"2025-08-22T16:23:07","modified_gmt":"2025-08-22T13:23:07","slug":"metal-work-survevoimendi-regulaatoriga-o40mm","status":"publish","type":"product","link":"https:\/\/smartal.ee\/ru\/shop\/suruohk-pneumaatika\/metal-work-pneumaatika\/metal-work-survevoimendi-regulaatoriga-o40mm\/","title":{"rendered":"METAL WORK Surve V\u00f5imendi Regulaatoriga \u00d8=40mm"},"content":{"rendered":"<h4>METAL WORK Surve V\u00f5imendi Regulaatoriga \u00d8=40mm<\/h4>\n<h4>Booster \u00d8=40mm with regulator<\/h4>\n<table id=\"product-attribute-specs-table\" class=\"data table additional-attributes\">\n<tbody>\n<tr>\n<th class=\"col label\" scope=\"row\">Keere 1<\/th>\n<td class=\"col data\" data-th=\"Keere 1\">G 1\/8&#8243;<\/td>\n<\/tr>\n<tr>\n<th class=\"col label\" scope=\"row\">T\u00f6\u00f6surve (bar)<\/th>\n<td class=\"col data\" data-th=\"T\u00f6\u00f6surve (bar)\">10<\/td>\n<\/tr>\n<tr>\n<th class=\"col label\" scope=\"row\">Materjal<\/th>\n<td class=\"col data\" data-th=\"Materjal\">Alumiinium<\/td>\n<\/tr>\n<tr>\n<th class=\"col label\" scope=\"row\">T\u00fc\u00fcp<\/th>\n<td class=\"col data\" data-th=\"T\u00fc\u00fcp\">Surve v\u00f5imendi<\/td>\n<\/tr>\n<tr>\n<th class=\"col label\" scope=\"row\">Minimaalne t\u00f6\u00f6temperatuur (\u00b0C)<\/th>\n<td class=\"col data\" data-th=\"Minimaalne t\u00f6\u00f6temperatuur (\u00b0C)\">-10<\/td>\n<\/tr>\n<tr>\n<th class=\"col label\" scope=\"row\">Maksimaalne t\u00f6\u00f6temperatuur (\u00b0C)<\/th>\n<td class=\"col data\" data-th=\"Maksimaalne t\u00f6\u00f6temperatuur (\u00b0C)\">60<\/td>\n<\/tr>\n<\/tbody>\n<\/table>","protected":false},"excerpt":{"rendered":"<p>METAL WORK Surve V\u00f5imendi Regulaatoriga \u00d8=40mm Booster \u00d8=40mm with regulator Keere 1 G 1\/8&#8243; T\u00f6\u00f6surve (bar) 10 Materjal Alumiinium T\u00fc\u00fcp Surve v\u00f5imendi Minimaalne t\u00f6\u00f6temperatuur (\u00b0C) -10 Maksimaalne t\u00f6\u00f6temperatuur (\u00b0C) 60<\/p>","protected":false},"featured_media":7820,"template":"","meta":{"_regular_price":["590.99"],"currency_symbol":[],"ub_ctt_via":""},"product_brand":[],"product_cat":[113],"product_tag":[],"class_list":{"0":"post-7819","1":"product","2":"type-product","3":"status-publish","4":"has-post-thumbnail","6":"product_cat-metal-work-pneumaatika","8":"first","9":"onbackorder","10":"taxable","11":"shipping-taxable","12":"purchasable","13":"product-type-simple"},"post_slider_layout_featured_media_urls":{"thumbnail":["https:\/\/smartal.ee\/wp-content\/uploads\/2025\/08\/pv9002200_pneumosurve-kordistaja-150x150.png",150,150,true],"post_slider_layout_landscape_large":["https:\/\/smartal.ee\/wp-content\/uploads\/2025\/08\/pv9002200_pneumosurve-kordistaja.png",700,700,false],"post_slider_layout_portrait_large":["https:\/\/smartal.ee\/wp-content\/uploads\/2025\/08\/pv9002200_pneumosurve-kordistaja.png",700,700,false],"post_slider_layout_square_large":["https:\/\/smartal.ee\/wp-content\/uploads\/2025\/08\/pv9002200_pneumosurve-kordistaja.png",700,700,false],"post_slider_layout_landscape":["https:\/\/smartal.ee\/wp-content\/uploads\/2025\/08\/pv9002200_pneumosurve-kordistaja-600x400.png",600,400,true],"post_slider_layout_portrait":["https:\/\/smartal.ee\/wp-content\/uploads\/2025\/08\/pv9002200_pneumosurve-kordistaja-600x700.png",600,700,true],"post_slider_layout_square":["https:\/\/smartal.ee\/wp-content\/uploads\/2025\/08\/pv9002200_pneumosurve-kordistaja-600x600.png",600,600,true],"full":["https:\/\/smartal.ee\/wp-content\/uploads\/2025\/08\/pv9002200_pneumosurve-kordistaja.png",700,700,false]},"_links":{"self":[{"href":"https:\/\/smartal.ee\/ru\/wp-json\/wp\/v2\/product\/7819","targetHints":{"allow":["GET"]}}],"collection":[{"href":"https:\/\/smartal.ee\/ru\/wp-json\/wp\/v2\/product"}],"about":[{"href":"https:\/\/smartal.ee\/ru\/wp-json\/wp\/v2\/types\/product"}],"wp:featuredmedia":[{"embeddable":true,"href":"https:\/\/smartal.ee\/ru\/wp-json\/wp\/v2\/media\/7820"}],"wp:attachment":[{"href":"https:\/\/smartal.ee\/ru\/wp-json\/wp\/v2\/media?parent=7819"}],"wp:term":[{"taxonomy":"product_brand","embeddable":true,"href":"https:\/\/smartal.ee\/ru\/wp-json\/wp\/v2\/product_brand?post=7819"},{"taxonomy":"product_cat","embeddable":true,"href":"https:\/\/smartal.ee\/ru\/wp-json\/wp\/v2\/product_cat?post=7819"},{"taxonomy":"product_tag","embeddable":true,"href":"https:\/\/smartal.ee\/ru\/wp-json\/wp\/v2\/product_tag?post=7819"}],"curies":[{"name":"wp","href":"https:\/\/api.w.org\/{rel}","templated":true}]}}