{"id":7825,"date":"2025-08-17T22:31:05","date_gmt":"2025-08-17T19:31:05","guid":{"rendered":"https:\/\/smartal.ee\/?post_type=product&#038;p=7825"},"modified":"2025-08-22T16:21:15","modified_gmt":"2025-08-22T13:21:15","slug":"metal-work-klapp-sov-36-sos-cc-1-4-5-3-sol-sol-osr","status":"publish","type":"product","link":"https:\/\/smartal.ee\/ru\/shop\/suruohk-pneumaatika\/metal-work-pneumaatika\/metal-work-klapp-sov-36-sos-cc-1-4-5-3-sol-sol-osr\/","title":{"rendered":"METAL WORK Klapp SOV 36 SOS CC &#8211; 1\/4 5\/3 SOL\/SOL (OSR)"},"content":{"rendered":"<h4>METAL WORK Klapp SOV 36 SOS CC &#8211; 1\/4 5\/3 SOL\/SOL (OSR)<\/h4>\n<table id=\"product-attribute-specs-table\" class=\"data table additional-attributes\">\n<tbody>\n<tr>\n<th class=\"col label\" scope=\"row\">Keere 1<\/th>\n<td class=\"col data\" data-th=\"Keere 1\">G 1\/4&#8243;<\/td>\n<\/tr>\n<tr>\n<th class=\"col label\" scope=\"row\">T\u00f6\u00f6surve (bar)<\/th>\n<td class=\"col data\" data-th=\"T\u00f6\u00f6surve (bar)\">10<\/td>\n<\/tr>\n<tr>\n<th class=\"col label\" scope=\"row\">Materjal<\/th>\n<td class=\"col data\" data-th=\"Materjal\">Alumiinium<\/td>\n<\/tr>\n<tr>\n<th class=\"col label\" scope=\"row\">T\u00fc\u00fcp<\/th>\n<td class=\"col data\" data-th=\"T\u00fc\u00fcp\">Solenoid 5\/3<\/td>\n<\/tr>\n<tr>\n<th class=\"col label\" scope=\"row\">Minimaalne t\u00f6\u00f6temperatuur (\u00b0C)<\/th>\n<td class=\"col data\" data-th=\"Minimaalne t\u00f6\u00f6temperatuur (\u00b0C)\">-10<\/td>\n<\/tr>\n<tr>\n<th class=\"col label\" scope=\"row\">Maksimaalne t\u00f6\u00f6temperatuur (\u00b0C)<\/th>\n<td class=\"col data\" data-th=\"Maksimaalne t\u00f6\u00f6temperatuur (\u00b0C)\">60<\/td>\n<\/tr>\n<\/tbody>\n<\/table>","protected":false},"excerpt":{"rendered":"<p>METAL WORK Klapp SOV 36 SOS CC &#8211; 1\/4 5\/3 SOL\/SOL (OSR) Keere 1 G 1\/4&#8243; T\u00f6\u00f6surve (bar) 10 Materjal Alumiinium T\u00fc\u00fcp Solenoid 5\/3 Minimaalne t\u00f6\u00f6temperatuur (\u00b0C) -10 Maksimaalne t\u00f6\u00f6temperatuur (\u00b0C) 60<\/p>","protected":false},"featured_media":7208,"template":"","meta":{"_regular_price":["175.49"],"currency_symbol":[],"ub_ctt_via":""},"product_brand":[],"product_cat":[113],"product_tag":[],"class_list":{"0":"post-7825","1":"product","2":"type-product","3":"status-publish","4":"has-post-thumbnail","6":"product_cat-metal-work-pneumaatika","8":"first","9":"instock","10":"taxable","11":"shipping-taxable","12":"purchasable","13":"product-type-simple"},"post_slider_layout_featured_media_urls":{"thumbnail":["https:\/\/smartal.ee\/wp-content\/uploads\/2025\/03\/T3_7010022400-1-150x150.jpg",150,150,true],"post_slider_layout_landscape_large":["https:\/\/smartal.ee\/wp-content\/uploads\/2025\/03\/T3_7010022400-1.jpg",480,480,false],"post_slider_layout_portrait_large":["https:\/\/smartal.ee\/wp-content\/uploads\/2025\/03\/T3_7010022400-1.jpg",480,480,false],"post_slider_layout_square_large":["https:\/\/smartal.ee\/wp-content\/uploads\/2025\/03\/T3_7010022400-1.jpg",480,480,false],"post_slider_layout_landscape":["https:\/\/smartal.ee\/wp-content\/uploads\/2025\/03\/T3_7010022400-1.jpg",400,400,false],"post_slider_layout_portrait":["https:\/\/smartal.ee\/wp-content\/uploads\/2025\/03\/T3_7010022400-1.jpg",480,480,false],"post_slider_layout_square":["https:\/\/smartal.ee\/wp-content\/uploads\/2025\/03\/T3_7010022400-1.jpg",480,480,false],"full":["https:\/\/smartal.ee\/wp-content\/uploads\/2025\/03\/T3_7010022400-1.jpg",480,480,false]},"_links":{"self":[{"href":"https:\/\/smartal.ee\/ru\/wp-json\/wp\/v2\/product\/7825","targetHints":{"allow":["GET"]}}],"collection":[{"href":"https:\/\/smartal.ee\/ru\/wp-json\/wp\/v2\/product"}],"about":[{"href":"https:\/\/smartal.ee\/ru\/wp-json\/wp\/v2\/types\/product"}],"wp:featuredmedia":[{"embeddable":true,"href":"https:\/\/smartal.ee\/ru\/wp-json\/wp\/v2\/media\/7208"}],"wp:attachment":[{"href":"https:\/\/smartal.ee\/ru\/wp-json\/wp\/v2\/media?parent=7825"}],"wp:term":[{"taxonomy":"product_brand","embeddable":true,"href":"https:\/\/smartal.ee\/ru\/wp-json\/wp\/v2\/product_brand?post=7825"},{"taxonomy":"product_cat","embeddable":true,"href":"https:\/\/smartal.ee\/ru\/wp-json\/wp\/v2\/product_cat?post=7825"},{"taxonomy":"product_tag","embeddable":true,"href":"https:\/\/smartal.ee\/ru\/wp-json\/wp\/v2\/product_tag?post=7825"}],"curies":[{"name":"wp","href":"https:\/\/api.w.org\/{rel}","templated":true}]}}