{"id":7828,"date":"2025-08-17T22:37:45","date_gmt":"2025-08-17T19:37:45","guid":{"rendered":"https:\/\/smartal.ee\/?post_type=product&#038;p=7828"},"modified":"2025-08-22T16:20:08","modified_gmt":"2025-08-22T13:20:08","slug":"metal-work-klapp-sov-33-sos-nc-1-4-3-2-sol-spr-osr","status":"publish","type":"product","link":"https:\/\/smartal.ee\/ru\/shop\/suruohk-pneumaatika\/metal-work-pneumaatika\/metal-work-klapp-sov-33-sos-nc-1-4-3-2-sol-spr-osr\/","title":{"rendered":"METAL WORK Klapp SOV 33 SOS NC &#8211; 1\/4 3\/2 SOL\/SPR (OSR)"},"content":{"rendered":"<h4>METAL WORK Klapp <span class=\"base\" data-ui-id=\"page-title-wrapper\">SOV 33 SOS NC &#8211; 1\/4 3\/2 SOL\/SPR (OSR)<\/span><\/h4>\n<div class=\"row\">\n<div class=\"col-xs-10 col-xs-push-1 col-sm-6 col-sm-push-0 col-lg-4\">\n<div class=\"image-gallery js-gallery\">\n<div class=\"carousel image-gallery__image js-gallery-image owl-carousel owl-theme\">\n<div class=\"owl-wrapper-outer\">\n<div class=\"owl-wrapper\">\n<div class=\"owl-item\">\n<div class=\"item\">\n<div class=\"zoomImg\">\n<table id=\"product-attribute-specs-table\" class=\"data table additional-attributes\">\n<tbody>\n<tr>\n<th class=\"col label\" scope=\"row\">Keere 1<\/th>\n<td class=\"col data\" data-th=\"Keere 1\">G 1\/4&#8243;<\/td>\n<\/tr>\n<tr>\n<th class=\"col label\" scope=\"row\">T\u00f6\u00f6surve (bar)<\/th>\n<td class=\"col data\" data-th=\"T\u00f6\u00f6surve (bar)\">10<\/td>\n<\/tr>\n<tr>\n<th class=\"col label\" scope=\"row\">Materjal<\/th>\n<td class=\"col data\" data-th=\"Materjal\">Alumiinium<\/td>\n<\/tr>\n<tr>\n<th class=\"col label\" scope=\"row\">T\u00fc\u00fcp<\/th>\n<td class=\"col data\" data-th=\"T\u00fc\u00fcp\">Solenoid 3\/2<\/td>\n<\/tr>\n<tr>\n<th class=\"col label\" scope=\"row\">Minimaalne t\u00f6\u00f6temperatuur (\u00b0C)<\/th>\n<td class=\"col data\" data-th=\"Minimaalne t\u00f6\u00f6temperatuur (\u00b0C)\">-10<\/td>\n<\/tr>\n<tr>\n<th class=\"col label\" scope=\"row\">Maksimaalne t\u00f6\u00f6temperatuur (\u00b0C)<\/th>\n<td class=\"col data\" data-th=\"Maksimaalne t\u00f6\u00f6temperatuur (\u00b0C)\">60<\/td>\n<\/tr>\n<\/tbody>\n<\/table>\n<\/div>\n<\/div>\n<\/div>\n<\/div>\n<\/div>\n<\/div>\n<\/div>\n<\/div>\n<\/div>","protected":false},"excerpt":{"rendered":"<p>METAL WORK Klapp SOV 33 SOS NC &#8211; 1\/4 3\/2 SOL\/SPR (OSR) Keere 1 G 1\/4&#8243; T\u00f6\u00f6surve (bar) 10 Materjal Alumiinium T\u00fc\u00fcp Solenoid 3\/2 Minimaalne t\u00f6\u00f6temperatuur (\u00b0C) -10 Maksimaalne t\u00f6\u00f6temperatuur (\u00b0C) 60<\/p>","protected":false},"featured_media":7307,"template":"","meta":{"_regular_price":["98.99"],"currency_symbol":[],"ub_ctt_via":""},"product_brand":[],"product_cat":[113],"product_tag":[],"class_list":{"0":"post-7828","1":"product","2":"type-product","3":"status-publish","4":"has-post-thumbnail","6":"product_cat-metal-work-pneumaatika","8":"first","9":"instock","10":"taxable","11":"shipping-taxable","12":"purchasable","13":"product-type-simple"},"post_slider_layout_featured_media_urls":{"thumbnail":["https:\/\/smartal.ee\/wp-content\/uploads\/2025\/04\/pv7010020200_pneumoventiil-sov-23-sos-nc-150x150.png",150,150,true],"post_slider_layout_landscape_large":["https:\/\/smartal.ee\/wp-content\/uploads\/2025\/04\/pv7010020200_pneumoventiil-sov-23-sos-nc.png",700,700,false],"post_slider_layout_portrait_large":["https:\/\/smartal.ee\/wp-content\/uploads\/2025\/04\/pv7010020200_pneumoventiil-sov-23-sos-nc.png",700,700,false],"post_slider_layout_square_large":["https:\/\/smartal.ee\/wp-content\/uploads\/2025\/04\/pv7010020200_pneumoventiil-sov-23-sos-nc.png",700,700,false],"post_slider_layout_landscape":["https:\/\/smartal.ee\/wp-content\/uploads\/2025\/04\/pv7010020200_pneumoventiil-sov-23-sos-nc.png",400,400,false],"post_slider_layout_portrait":["https:\/\/smartal.ee\/wp-content\/uploads\/2025\/04\/pv7010020200_pneumoventiil-sov-23-sos-nc.png",600,600,false],"post_slider_layout_square":["https:\/\/smartal.ee\/wp-content\/uploads\/2025\/04\/pv7010020200_pneumoventiil-sov-23-sos-nc.png",600,600,false],"full":["https:\/\/smartal.ee\/wp-content\/uploads\/2025\/04\/pv7010020200_pneumoventiil-sov-23-sos-nc.png",700,700,false]},"_links":{"self":[{"href":"https:\/\/smartal.ee\/ru\/wp-json\/wp\/v2\/product\/7828","targetHints":{"allow":["GET"]}}],"collection":[{"href":"https:\/\/smartal.ee\/ru\/wp-json\/wp\/v2\/product"}],"about":[{"href":"https:\/\/smartal.ee\/ru\/wp-json\/wp\/v2\/types\/product"}],"wp:featuredmedia":[{"embeddable":true,"href":"https:\/\/smartal.ee\/ru\/wp-json\/wp\/v2\/media\/7307"}],"wp:attachment":[{"href":"https:\/\/smartal.ee\/ru\/wp-json\/wp\/v2\/media?parent=7828"}],"wp:term":[{"taxonomy":"product_brand","embeddable":true,"href":"https:\/\/smartal.ee\/ru\/wp-json\/wp\/v2\/product_brand?post=7828"},{"taxonomy":"product_cat","embeddable":true,"href":"https:\/\/smartal.ee\/ru\/wp-json\/wp\/v2\/product_cat?post=7828"},{"taxonomy":"product_tag","embeddable":true,"href":"https:\/\/smartal.ee\/ru\/wp-json\/wp\/v2\/product_tag?post=7828"}],"curies":[{"name":"wp","href":"https:\/\/api.w.org\/{rel}","templated":true}]}}