{"id":7834,"date":"2025-08-17T23:26:48","date_gmt":"2025-08-17T20:26:48","guid":{"rendered":"https:\/\/smartal.ee\/?post_type=product&#038;p=7834"},"modified":"2026-01-24T11:02:12","modified_gmt":"2026-01-24T08:02:12","slug":"smc-digitaalne-rohululiti-ise20","status":"publish","type":"product","link":"https:\/\/smartal.ee\/ru\/shop\/suruohk-pneumaatika\/smc-pneumaatika\/smc-digitaalne-rohululiti-ise20\/","title":{"rendered":"SMC Digitaalne r\u00f5hul\u00fcliti ISE20"},"content":{"rendered":"<h4>SMC Digitaalne r\u00f5hul\u00fcliti ISE20<\/h4>\n<p><a><strong>\u00a0High-Pressure, Digital Pressure Switch, 3-Screen Display (IP40) \u00a0(R 1\/8)<\/strong><\/a><\/p>\n<ul>\n<li>3-Screen Display High-Precision Digital Pressure Switch.<\/li>\n<li>2 outputs + Analogue output (Voltage\/Current).<\/li>\n<li>IP40.<\/li>\n<li>Applicable fluid: Air, Non-corrosive gas, Non-flammable gas.<\/li>\n<li>Pressure range: -101 to 100 kPa.<\/li>\n<li>Repeatability: \u00b10.2 % F.S.<\/li>\n<li>Response time: 1.5 ms or less.<\/li>\n<li>Consumption: 35mA or less.<\/li>\n<\/ul>\n<p>&nbsp;<\/p>\n<h4><\/h4>","protected":false},"excerpt":{"rendered":"<p>SMC Digitaalne r\u00f5hul\u00fcliti ISE20 \u00a0High-Pressure, Digital Pressure Switch, 3-Screen Display (IP40) \u00a0(R 1\/8) 3-Screen Display High-Precision Digital Pressure Switch. 2 outputs + Analogue output (Voltage\/Current). IP40. Applicable fluid: Air, Non-corrosive gas, Non-flammable gas. Pressure range: -101 to 100 kPa. Repeatability: \u00b10.2 % F.S. Response time: 1.5 ms or less. Consumption: 35mA or less. &nbsp;<\/p>","protected":false},"featured_media":7835,"template":"","meta":{"_regular_price":["103.99"],"currency_symbol":[],"ub_ctt_via":""},"product_brand":[],"product_cat":[110],"product_tag":[],"class_list":{"0":"post-7834","1":"product","2":"type-product","3":"status-publish","4":"has-post-thumbnail","6":"product_cat-smc-pneumaatika","8":"first","9":"instock","10":"sale","11":"taxable","12":"shipping-taxable","13":"purchasable","14":"product-type-simple"},"post_slider_layout_featured_media_urls":{"thumbnail":["https:\/\/smartal.ee\/wp-content\/uploads\/2025\/08\/0977564_469b003c-52f8-4ad1-9aa9-d077f3c6bb22_500-150x150.jpeg",150,150,true],"post_slider_layout_landscape_large":["https:\/\/smartal.ee\/wp-content\/uploads\/2025\/08\/0977564_469b003c-52f8-4ad1-9aa9-d077f3c6bb22_500.jpeg",500,500,false],"post_slider_layout_portrait_large":["https:\/\/smartal.ee\/wp-content\/uploads\/2025\/08\/0977564_469b003c-52f8-4ad1-9aa9-d077f3c6bb22_500.jpeg",500,500,false],"post_slider_layout_square_large":["https:\/\/smartal.ee\/wp-content\/uploads\/2025\/08\/0977564_469b003c-52f8-4ad1-9aa9-d077f3c6bb22_500.jpeg",500,500,false],"post_slider_layout_landscape":["https:\/\/smartal.ee\/wp-content\/uploads\/2025\/08\/0977564_469b003c-52f8-4ad1-9aa9-d077f3c6bb22_500-500x400.jpeg",500,400,true],"post_slider_layout_portrait":["https:\/\/smartal.ee\/wp-content\/uploads\/2025\/08\/0977564_469b003c-52f8-4ad1-9aa9-d077f3c6bb22_500.jpeg",500,500,false],"post_slider_layout_square":["https:\/\/smartal.ee\/wp-content\/uploads\/2025\/08\/0977564_469b003c-52f8-4ad1-9aa9-d077f3c6bb22_500.jpeg",500,500,false],"full":["https:\/\/smartal.ee\/wp-content\/uploads\/2025\/08\/0977564_469b003c-52f8-4ad1-9aa9-d077f3c6bb22_500.jpeg",500,500,false]},"_links":{"self":[{"href":"https:\/\/smartal.ee\/ru\/wp-json\/wp\/v2\/product\/7834","targetHints":{"allow":["GET"]}}],"collection":[{"href":"https:\/\/smartal.ee\/ru\/wp-json\/wp\/v2\/product"}],"about":[{"href":"https:\/\/smartal.ee\/ru\/wp-json\/wp\/v2\/types\/product"}],"wp:featuredmedia":[{"embeddable":true,"href":"https:\/\/smartal.ee\/ru\/wp-json\/wp\/v2\/media\/7835"}],"wp:attachment":[{"href":"https:\/\/smartal.ee\/ru\/wp-json\/wp\/v2\/media?parent=7834"}],"wp:term":[{"taxonomy":"product_brand","embeddable":true,"href":"https:\/\/smartal.ee\/ru\/wp-json\/wp\/v2\/product_brand?post=7834"},{"taxonomy":"product_cat","embeddable":true,"href":"https:\/\/smartal.ee\/ru\/wp-json\/wp\/v2\/product_cat?post=7834"},{"taxonomy":"product_tag","embeddable":true,"href":"https:\/\/smartal.ee\/ru\/wp-json\/wp\/v2\/product_tag?post=7834"}],"curies":[{"name":"wp","href":"https:\/\/api.w.org\/{rel}","templated":true}]}}