{"id":7872,"date":"2025-10-09T09:47:12","date_gmt":"2025-10-09T06:47:12","guid":{"rendered":"https:\/\/smartal.ee\/?post_type=product&#038;p=7872"},"modified":"2026-02-19T04:36:31","modified_gmt":"2026-02-19T01:36:31","slug":"nch-un-lok-2000-05kg","status":"publish","type":"product","link":"https:\/\/smartal.ee\/ru\/shop\/tookoja-ja-toostuskeemia\/nch-un-lok-2000-05kg\/","title":{"rendered":"NCH UN LOK 2000 0,5kg"},"content":{"rendered":"<h1 class=\"page-title\">NCH UN LOK 2000 0,5kg<\/h1>\n<h2>Pakend 12&#215;0,5kg<\/h2>\n<p>NSF H1 heakskiit kasutamiseks toiduainete t\u00f6\u00f6tlemise valdkondades<br \/>\n\uf0a7<br \/>\nV\u00e4hendab h\u00f5\u00f5rdumist ja kulumist (4 kuuli keevituskoormus: 500kg)<br \/>\n\uf0a7<br \/>\nV\u00e4hendab detailide kahjustusi<br \/>\n\uf0a7<br \/>\nTeeb v\u00f5imalikuks tugevamad \u00fchendused<br \/>\n\uf0a7<br \/>\nPeab vastu veega minemauhtmisele<\/p>\n<p>TEHNILISED ANDMED<br \/>\nV\u00e4rv<br \/>\nValge<br \/>\nKihi paksus<br \/>\n12 mikronit ja enam<br \/>\nErikaal temperatuuril 25\u00b0C<br \/>\n0,95<br \/>\nT\u00f6\u00f6tlemata sissetungimine<br \/>\n330-360<br \/>\nT\u00f6\u00f6deldud sissetungimine (60 l\u00f6\u00f6ki temp. 25\u00b0C)<br \/>\n330-360<br \/>\nErinevus sissetungimises p\u00e4rast 100,000 l\u00f6\u00f6ki\/maks<br \/>\n3%<br \/>\nNLGI<br \/>\n0\/1<br \/>\nNelja kuuli kulumine\/mm<br \/>\n0,55<br \/>\nNelja kuuli keevituskoormus\/kg<br \/>\n500 kg<br \/>\nLahustumisv\u00f5ime vees<br \/>\nNil<br \/>\nRoostekatse hinne<br \/>\n1<br \/>\nVasekorrosioon 24 h temp. 100\u00b0C<br \/>\n1b<\/p>\n<p>UN LOK 2000<br \/>\nFood-grade anti-seize and lubricating compound<br \/>\nProtects metal up to 1260\u02daC.<\/p>\n<p>\u00b7NSF H1 approved for use in food processing areas<br \/>\n\u00b7Reduces friction and wear; remains in place even under extreme pressure (4 ball weld load: 500kg)<br \/>\n\u00b7Decreases parts damage<br \/>\n\u00b7Makes tighter joints possible<br \/>\n\u00b7Resists water washout<\/p>\n<p>&nbsp;<\/p>\n<p><span id=\"p369R_mc121\" class=\"markedContent\"><\/span><span id=\"p369R_mc122\" class=\"markedContent\"><\/span><span id=\"p369R_mc125\" class=\"markedContent\"><br role=\"presentation\" \/><\/span><span id=\"p369R_mc138\" class=\"markedContent\"><\/span><\/p>\n<p>&nbsp;<\/p>\n<h4><\/h4>","protected":false},"excerpt":{"rendered":"<p>NCH UN LOK 2000 0,5kg Pakend 12&#215;0,5kg NSF H1 heakskiit kasutamiseks toiduainete t\u00f6\u00f6tlemise valdkondades \uf0a7 V\u00e4hendab h\u00f5\u00f5rdumist ja kulumist (4 kuuli keevituskoormus: 500kg) \uf0a7 V\u00e4hendab detailide kahjustusi \uf0a7 Teeb v\u00f5imalikuks tugevamad \u00fchendused \uf0a7 Peab vastu veega minemauhtmisele TEHNILISED ANDMED V\u00e4rv Valge Kihi paksus 12 mikronit ja enam Erikaal temperatuuril 25\u00b0C 0,95 T\u00f6\u00f6tlemata sissetungimine 330-360 T\u00f6\u00f6deldud [&hellip;]<\/p>","protected":false},"featured_media":7873,"template":"","meta":{"_regular_price":["57.99"],"currency_symbol":[],"ub_ctt_via":""},"product_brand":[],"product_cat":[132],"product_tag":[],"class_list":{"0":"post-7872","1":"product","2":"type-product","3":"status-publish","4":"has-post-thumbnail","6":"product_cat-tookoja-ja-toostuskeemia","8":"first","9":"onbackorder","10":"sale","11":"taxable","12":"shipping-taxable","13":"purchasable","14":"product-type-simple"},"post_slider_layout_featured_media_urls":{"thumbnail":["https:\/\/smartal.ee\/wp-content\/uploads\/2025\/10\/un-lock-2000-05-kg-150x150.png",150,150,true],"post_slider_layout_landscape_large":["https:\/\/smartal.ee\/wp-content\/uploads\/2025\/10\/un-lock-2000-05-kg.png",800,800,false],"post_slider_layout_portrait_large":["https:\/\/smartal.ee\/wp-content\/uploads\/2025\/10\/un-lock-2000-05-kg.png",800,800,false],"post_slider_layout_square_large":["https:\/\/smartal.ee\/wp-content\/uploads\/2025\/10\/un-lock-2000-05-kg.png",800,800,false],"post_slider_layout_landscape":["https:\/\/smartal.ee\/wp-content\/uploads\/2025\/10\/un-lock-2000-05-kg-600x400.png",600,400,true],"post_slider_layout_portrait":["https:\/\/smartal.ee\/wp-content\/uploads\/2025\/10\/un-lock-2000-05-kg-600x800.png",600,800,true],"post_slider_layout_square":["https:\/\/smartal.ee\/wp-content\/uploads\/2025\/10\/un-lock-2000-05-kg-600x600.png",600,600,true],"full":["https:\/\/smartal.ee\/wp-content\/uploads\/2025\/10\/un-lock-2000-05-kg.png",800,800,false]},"_links":{"self":[{"href":"https:\/\/smartal.ee\/ru\/wp-json\/wp\/v2\/product\/7872","targetHints":{"allow":["GET"]}}],"collection":[{"href":"https:\/\/smartal.ee\/ru\/wp-json\/wp\/v2\/product"}],"about":[{"href":"https:\/\/smartal.ee\/ru\/wp-json\/wp\/v2\/types\/product"}],"wp:featuredmedia":[{"embeddable":true,"href":"https:\/\/smartal.ee\/ru\/wp-json\/wp\/v2\/media\/7873"}],"wp:attachment":[{"href":"https:\/\/smartal.ee\/ru\/wp-json\/wp\/v2\/media?parent=7872"}],"wp:term":[{"taxonomy":"product_brand","embeddable":true,"href":"https:\/\/smartal.ee\/ru\/wp-json\/wp\/v2\/product_brand?post=7872"},{"taxonomy":"product_cat","embeddable":true,"href":"https:\/\/smartal.ee\/ru\/wp-json\/wp\/v2\/product_cat?post=7872"},{"taxonomy":"product_tag","embeddable":true,"href":"https:\/\/smartal.ee\/ru\/wp-json\/wp\/v2\/product_tag?post=7872"}],"curies":[{"name":"wp","href":"https:\/\/api.w.org\/{rel}","templated":true}]}}