{"id":7877,"date":"2025-10-20T12:59:44","date_gmt":"2025-10-20T09:59:44","guid":{"rendered":"https:\/\/smartal.ee\/?post_type=product&#038;p=7877"},"modified":"2025-10-20T13:25:04","modified_gmt":"2025-10-20T10:25:04","slug":"imamismatt-hc-kollane-spill-mat-hc-210l-vaadile","status":"publish","type":"product","link":"https:\/\/smartal.ee\/ru\/shop\/tookoja-ja-toostuskeemia\/imamismatt-hc-kollane-spill-mat-hc-210l-vaadile\/","title":{"rendered":"IMAMISMATT HC KOLLANE VAADILE\u00a0 SPILL MAT HC DRUM 210L  56CM"},"content":{"rendered":"<h1 class=\"page-title\">IMAMISMATT HC KOLLANE VAADILE 210L 56CM<\/h1>\n<h1 class=\"page-title\">SPILL MAT HC DRUM 210L 56CM<\/h1>\n<p>Imetamisaine t\u00fc\u00fcbi kirjeldus\u00a0 Matid \u2013 ohtlikele kemikaalidele<br \/>\nVedelikud,mida toode imab<br \/>\nK\u00f5ik vedelikud,<br \/>\nkaasa arvatud ohtlikud<\/p>\n<p>V\u00e4rvus &#8211; Kollane<br \/>\nM\u00f5\u00f5dud &#8211; \u00dcmmargune l\u00e4bim\u00f5\u00f5t 56cm<br \/>\nPakendi suurus &#8211; 25 matti pakendis<br \/>\nStruktuur -Ultrahelikude. Tolmuvaba<br \/>\nMaterjal &#8211; 99% pol\u00fcprop\u00fcleeni<br \/>\nPakendi kaal &#8211; 1.8kg<br \/>\nPinna\u00fchiku kaal &#8211; 300g\/m2<br \/>\nKogu pindala &#8211; 6.2m2<br \/>\nImemisv\u00f5ime EDANA Standard ERT 10.4-02 &#8211;\u00a0Kuni 25 liitrit<br \/>\nP\u00f5letamisel j\u00e4\u00e4k\u00a0 -J\u00e4\u00e4k &lt;0.05%<\/p>\n<p>KASUTUSVALDKONNAD:<br \/>\nT\u00f6\u00f6kojad<br \/>\nGaraazid<br \/>\nLennujaamad, trammidepood<br \/>\nBensiinijaamad<br \/>\nKonstruktsioonit\u00f6\u00f6d<br \/>\nHaiglad, hooldekodud<br \/>\nParklad<br \/>\nK\u00fctuste transport<br \/>\nMetallit\u00f6\u00f6kojad<br \/>\nTranspordifirmad<br \/>\nPr\u00fcgik\u00e4itlusfirmad<br \/>\nSupermarketid<\/p>\n<p>&nbsp;<\/p>\n<p>&nbsp;<\/p>\n<p><span id=\"p369R_mc121\" class=\"markedContent\"><\/span><span id=\"p369R_mc122\" class=\"markedContent\"><\/span><span id=\"p369R_mc125\" class=\"markedContent\"><br role=\"presentation\" \/><\/span><span id=\"p369R_mc138\" class=\"markedContent\"><\/span><\/p>\n<p>&nbsp;<\/p>\n<h4><\/h4>","protected":false},"excerpt":{"rendered":"<p>IMAMISMATT HC KOLLANE VAADILE 210L 56CM SPILL MAT HC DRUM 210L 56CM Imetamisaine t\u00fc\u00fcbi kirjeldus\u00a0 Matid \u2013 ohtlikele kemikaalidele Vedelikud,mida toode imab K\u00f5ik vedelikud, kaasa arvatud ohtlikud V\u00e4rvus &#8211; Kollane M\u00f5\u00f5dud &#8211; \u00dcmmargune l\u00e4bim\u00f5\u00f5t 56cm Pakendi suurus &#8211; 25 matti pakendis Struktuur -Ultrahelikude. Tolmuvaba Materjal &#8211; 99% pol\u00fcprop\u00fcleeni Pakendi kaal &#8211; 1.8kg Pinna\u00fchiku kaal &#8211; [&hellip;]<\/p>","protected":false},"featured_media":7878,"template":"","meta":{"_regular_price":["259.99"],"currency_symbol":[],"ub_ctt_via":""},"product_brand":[],"product_cat":[132],"product_tag":[],"class_list":{"0":"post-7877","1":"product","2":"type-product","3":"status-publish","4":"has-post-thumbnail","6":"product_cat-tookoja-ja-toostuskeemia","8":"first","9":"onbackorder","10":"sale","11":"taxable","12":"shipping-taxable","13":"purchasable","14":"product-type-simple"},"post_slider_layout_featured_media_urls":{"thumbnail":["https:\/\/smartal.ee\/wp-content\/uploads\/2025\/10\/Spill-Mat-HC-Drum-150x150.png",150,150,true],"post_slider_layout_landscape_large":["https:\/\/smartal.ee\/wp-content\/uploads\/2025\/10\/Spill-Mat-HC-Drum.png",300,302,false],"post_slider_layout_portrait_large":["https:\/\/smartal.ee\/wp-content\/uploads\/2025\/10\/Spill-Mat-HC-Drum.png",300,302,false],"post_slider_layout_square_large":["https:\/\/smartal.ee\/wp-content\/uploads\/2025\/10\/Spill-Mat-HC-Drum.png",300,302,false],"post_slider_layout_landscape":["https:\/\/smartal.ee\/wp-content\/uploads\/2025\/10\/Spill-Mat-HC-Drum.png",300,302,false],"post_slider_layout_portrait":["https:\/\/smartal.ee\/wp-content\/uploads\/2025\/10\/Spill-Mat-HC-Drum.png",300,302,false],"post_slider_layout_square":["https:\/\/smartal.ee\/wp-content\/uploads\/2025\/10\/Spill-Mat-HC-Drum.png",300,302,false],"full":["https:\/\/smartal.ee\/wp-content\/uploads\/2025\/10\/Spill-Mat-HC-Drum.png",300,302,false]},"_links":{"self":[{"href":"https:\/\/smartal.ee\/ru\/wp-json\/wp\/v2\/product\/7877","targetHints":{"allow":["GET"]}}],"collection":[{"href":"https:\/\/smartal.ee\/ru\/wp-json\/wp\/v2\/product"}],"about":[{"href":"https:\/\/smartal.ee\/ru\/wp-json\/wp\/v2\/types\/product"}],"wp:featuredmedia":[{"embeddable":true,"href":"https:\/\/smartal.ee\/ru\/wp-json\/wp\/v2\/media\/7878"}],"wp:attachment":[{"href":"https:\/\/smartal.ee\/ru\/wp-json\/wp\/v2\/media?parent=7877"}],"wp:term":[{"taxonomy":"product_brand","embeddable":true,"href":"https:\/\/smartal.ee\/ru\/wp-json\/wp\/v2\/product_brand?post=7877"},{"taxonomy":"product_cat","embeddable":true,"href":"https:\/\/smartal.ee\/ru\/wp-json\/wp\/v2\/product_cat?post=7877"},{"taxonomy":"product_tag","embeddable":true,"href":"https:\/\/smartal.ee\/ru\/wp-json\/wp\/v2\/product_tag?post=7877"}],"curies":[{"name":"wp","href":"https:\/\/api.w.org\/{rel}","templated":true}]}}