{"id":8110,"date":"2026-01-03T17:16:15","date_gmt":"2026-01-03T14:16:15","guid":{"rendered":"https:\/\/smartal.ee\/?post_type=product&#038;p=8110"},"modified":"2026-01-03T17:19:43","modified_gmt":"2026-01-03T14:19:43","slug":"smc-kasiluliti-vh251-f02","status":"publish","type":"product","link":"https:\/\/smartal.ee\/ru\/shop\/suruohk-pneumaatika\/smc-pneumaatika\/smc-kasiluliti-vh251-f02\/","title":{"rendered":"SMC K\u00c4SIL\u00dcLITI VH251-F02"},"content":{"rendered":"<h4>SMC K\u00c4SIL\u00dcLITI VH251-F02<\/h4>\n<p>Port size 1\/4&#8243;<\/p>\n<ul>\n<li>Rotary hand valve<\/li>\n<li>Slide ring design<\/li>\n<li>Body \/ panel mounted<\/li>\n<li>2 \/ 3 positions selectable<\/li>\n<li>Large \/ red handle options.<\/li>\n<\/ul>\n<div class=\"detail-register\">\n<div class=\"pl-2 pr-0 key-text\"><\/div>\n<\/div>\n<div><\/div>","protected":false},"excerpt":{"rendered":"<p>SMC K\u00c4SIL\u00dcLITI VH251-F02 Port size 1\/4&#8243; Rotary hand valve Slide ring design Body \/ panel mounted 2 \/ 3 positions selectable Large \/ red handle options.<\/p>","protected":false},"featured_media":8111,"template":"","meta":{"_regular_price":["107.99"],"currency_symbol":[],"ub_ctt_via":""},"product_brand":[],"product_cat":[110],"product_tag":[],"class_list":{"0":"post-8110","1":"product","2":"type-product","3":"status-publish","4":"has-post-thumbnail","6":"product_cat-smc-pneumaatika","8":"first","9":"onbackorder","10":"sale","11":"taxable","12":"shipping-taxable","13":"purchasable","14":"product-type-simple"},"post_slider_layout_featured_media_urls":{"thumbnail":["https:\/\/smartal.ee\/wp-content\/uploads\/2026\/01\/vh.jpg",140,140,false],"post_slider_layout_landscape_large":["https:\/\/smartal.ee\/wp-content\/uploads\/2026\/01\/vh.jpg",140,140,false],"post_slider_layout_portrait_large":["https:\/\/smartal.ee\/wp-content\/uploads\/2026\/01\/vh.jpg",140,140,false],"post_slider_layout_square_large":["https:\/\/smartal.ee\/wp-content\/uploads\/2026\/01\/vh.jpg",140,140,false],"post_slider_layout_landscape":["https:\/\/smartal.ee\/wp-content\/uploads\/2026\/01\/vh.jpg",140,140,false],"post_slider_layout_portrait":["https:\/\/smartal.ee\/wp-content\/uploads\/2026\/01\/vh.jpg",140,140,false],"post_slider_layout_square":["https:\/\/smartal.ee\/wp-content\/uploads\/2026\/01\/vh.jpg",140,140,false],"full":["https:\/\/smartal.ee\/wp-content\/uploads\/2026\/01\/vh.jpg",140,140,false]},"_links":{"self":[{"href":"https:\/\/smartal.ee\/ru\/wp-json\/wp\/v2\/product\/8110","targetHints":{"allow":["GET"]}}],"collection":[{"href":"https:\/\/smartal.ee\/ru\/wp-json\/wp\/v2\/product"}],"about":[{"href":"https:\/\/smartal.ee\/ru\/wp-json\/wp\/v2\/types\/product"}],"wp:featuredmedia":[{"embeddable":true,"href":"https:\/\/smartal.ee\/ru\/wp-json\/wp\/v2\/media\/8111"}],"wp:attachment":[{"href":"https:\/\/smartal.ee\/ru\/wp-json\/wp\/v2\/media?parent=8110"}],"wp:term":[{"taxonomy":"product_brand","embeddable":true,"href":"https:\/\/smartal.ee\/ru\/wp-json\/wp\/v2\/product_brand?post=8110"},{"taxonomy":"product_cat","embeddable":true,"href":"https:\/\/smartal.ee\/ru\/wp-json\/wp\/v2\/product_cat?post=8110"},{"taxonomy":"product_tag","embeddable":true,"href":"https:\/\/smartal.ee\/ru\/wp-json\/wp\/v2\/product_tag?post=8110"}],"curies":[{"name":"wp","href":"https:\/\/api.w.org\/{rel}","templated":true}]}}