{"id":8112,"date":"2026-01-03T23:54:00","date_gmt":"2026-01-03T20:54:00","guid":{"rendered":"https:\/\/smartal.ee\/?post_type=product&#038;p=8112"},"modified":"2026-01-04T00:17:39","modified_gmt":"2026-01-03T21:17:39","slug":"ravenol-mardeained","status":"publish","type":"product","link":"https:\/\/smartal.ee\/ru\/shop\/tookoja-ja-toostuskeemia\/ravenol-mardeained\/","title":{"rendered":"RAVENOL M\u00e4\u00e4rdeained"},"content":{"rendered":"<h1 class=\"page-title\">RAVENOL M\u00c4\u00c4RDEAINED<\/h1>\n<p>Ravenol t\u00f6\u00f6tab v\u00e4lja, toodab ja turustab k\u00f5rgekvaliteedilisi m\u00e4\u00e4rdeaineid, mis on rahvusvahelisel turul tuntud. Arenenud laborites t\u00f6\u00f6tatakse v\u00e4lja tooteid, mis vastaksid ja \u00fcletaksid suurte autot\u00f6\u00f6stuste ootusi ning oleksid tuleviku n\u00f5udmistega koosk\u00f5las.<\/p>\n<p>Ravenol pakub klientidele suurt valikud m\u00e4\u00e4rdeaineid ja puhastustooteid, seal hulgas auto ja veokite mootori\u00f5lisid, k\u00e4igukasti\u00f5lisid, p\u00f5llumajandusmasinate tooteid, t\u00f6\u00f6stuslikke \u00f5lisid, jahutusvedelikke ja palju muud.<\/p>\n<p>Ravenol on Ravensberger Schmierstoffvertrieb GmbH br\u00e4ndinimi. Ravensberger Schmierstoffvertrieb GmbH loodi 1946. aastal Wertheris ning algselt toodeti \u00fchetaktilisi mootori\u00f5lisid ning t\u00f6\u00f6stuslikke puhastusvahendeid. 1964. aastal ettev\u00f5te laienes ja aastate jooksul lisandus hulgaliselt tooteid.\u00a01990. aastal t\u00f5usis m\u00fc\u00fck rahvusvahelisele tasemele ning n\u00fc\u00fcd on Ravenol paljudes maailma riikides tuntud, Ravenoli tooted on saadaval \u00fcle 80 riigis.<\/p>\n<p><a href=\"https:\/\/www.ravenolnordic.net\/products-p7lq9\">TOOTEVALIK<\/a><\/p>\n<p>Saada p\u00e4ring aadressile <a href=\"\/ru\/info@smartal.ee\/\">info@smartal.ee<\/a><\/p>\n<p>&nbsp;<\/p>\n<p>&nbsp;<\/p>\n<p>&nbsp;<\/p>\n<h4><\/h4>","protected":false},"excerpt":{"rendered":"<p>RAVENOL M\u00c4\u00c4RDEAINED Ravenol t\u00f6\u00f6tab v\u00e4lja, toodab ja turustab k\u00f5rgekvaliteedilisi m\u00e4\u00e4rdeaineid, mis on rahvusvahelisel turul tuntud. Arenenud laborites t\u00f6\u00f6tatakse v\u00e4lja tooteid, mis vastaksid ja \u00fcletaksid suurte autot\u00f6\u00f6stuste ootusi ning oleksid tuleviku n\u00f5udmistega koosk\u00f5las. Ravenol pakub klientidele suurt valikud m\u00e4\u00e4rdeaineid ja puhastustooteid, seal hulgas auto ja veokite mootori\u00f5lisid, k\u00e4igukasti\u00f5lisid, p\u00f5llumajandusmasinate tooteid, t\u00f6\u00f6stuslikke \u00f5lisid, jahutusvedelikke ja palju muud. [&hellip;]<\/p>","protected":false},"featured_media":8113,"template":"","meta":{"_regular_price":["1239.99"],"currency_symbol":[],"ub_ctt_via":""},"product_brand":[],"product_cat":[132],"product_tag":[],"class_list":{"0":"post-8112","1":"product","2":"type-product","3":"status-publish","4":"has-post-thumbnail","6":"product_cat-tookoja-ja-toostuskeemia","8":"first","9":"onbackorder","10":"taxable","11":"shipping-taxable","12":"purchasable","13":"product-type-simple"},"post_slider_layout_featured_media_urls":{"thumbnail":["https:\/\/smartal.ee\/wp-content\/uploads\/2026\/01\/279e93_1681dcf87b2543d588deea2c722cc0f9-150x150.avif",150,150,true],"post_slider_layout_landscape_large":["https:\/\/smartal.ee\/wp-content\/uploads\/2026\/01\/279e93_1681dcf87b2543d588deea2c722cc0f9.avif",1192,490,false],"post_slider_layout_portrait_large":["https:\/\/smartal.ee\/wp-content\/uploads\/2026\/01\/279e93_1681dcf87b2543d588deea2c722cc0f9.avif",1192,490,false],"post_slider_layout_square_large":["https:\/\/smartal.ee\/wp-content\/uploads\/2026\/01\/279e93_1681dcf87b2543d588deea2c722cc0f9.avif",1192,490,false],"post_slider_layout_landscape":["https:\/\/smartal.ee\/wp-content\/uploads\/2026\/01\/279e93_1681dcf87b2543d588deea2c722cc0f9-600x400.avif",600,400,true],"post_slider_layout_portrait":["https:\/\/smartal.ee\/wp-content\/uploads\/2026\/01\/279e93_1681dcf87b2543d588deea2c722cc0f9-600x490.avif",600,490,true],"post_slider_layout_square":["https:\/\/smartal.ee\/wp-content\/uploads\/2026\/01\/279e93_1681dcf87b2543d588deea2c722cc0f9-600x490.avif",600,490,true],"full":["https:\/\/smartal.ee\/wp-content\/uploads\/2026\/01\/279e93_1681dcf87b2543d588deea2c722cc0f9.avif",1192,490,false]},"_links":{"self":[{"href":"https:\/\/smartal.ee\/ru\/wp-json\/wp\/v2\/product\/8112","targetHints":{"allow":["GET"]}}],"collection":[{"href":"https:\/\/smartal.ee\/ru\/wp-json\/wp\/v2\/product"}],"about":[{"href":"https:\/\/smartal.ee\/ru\/wp-json\/wp\/v2\/types\/product"}],"wp:featuredmedia":[{"embeddable":true,"href":"https:\/\/smartal.ee\/ru\/wp-json\/wp\/v2\/media\/8113"}],"wp:attachment":[{"href":"https:\/\/smartal.ee\/ru\/wp-json\/wp\/v2\/media?parent=8112"}],"wp:term":[{"taxonomy":"product_brand","embeddable":true,"href":"https:\/\/smartal.ee\/ru\/wp-json\/wp\/v2\/product_brand?post=8112"},{"taxonomy":"product_cat","embeddable":true,"href":"https:\/\/smartal.ee\/ru\/wp-json\/wp\/v2\/product_cat?post=8112"},{"taxonomy":"product_tag","embeddable":true,"href":"https:\/\/smartal.ee\/ru\/wp-json\/wp\/v2\/product_tag?post=8112"}],"curies":[{"name":"wp","href":"https:\/\/api.w.org\/{rel}","templated":true}]}}