{"id":8195,"date":"2026-02-09T14:57:20","date_gmt":"2026-02-09T11:57:20","guid":{"rendered":"https:\/\/smartal.ee\/?post_type=product&#038;p=8195"},"modified":"2026-02-10T00:57:52","modified_gmt":"2026-02-09T21:57:52","slug":"grundfos-tarbevee-tsirkulatsioonipump-alpha2-25-80-n180","status":"publish","type":"product","link":"https:\/\/smartal.ee\/ru\/shop\/pumbad\/grundfos-tarbevee-tsirkulatsioonipump-alpha2-25-80-n180\/","title":{"rendered":"GRUNDFOS K\u00dcTTES\u00dcSTEEMI PUMP ALPHA2 GO 25-75 180 230V"},"content":{"rendered":"<h4 class=\"product-title font-product test-product-title color-brand-blue\">GRUNDFOS K\u00dcTTES\u00dcSTEEMI PUMP ALPHA2 GO 25-75 180 230V<\/h4>\n<div class=\"technical-specifications specification-table\">\n<div class=\"specification-row\">\n<div class=\"specification-row\"><span class=\"specification-row__label\">Pumba korpuse kvaliteediklass<\/span><span class=\"specification-row__value\">Malm GG 15 (GJL-50)<\/span><\/div>\n<div class=\"specification-row\"><span class=\"specification-row__label\">Rootori\/pumbaratta materjal<\/span><span class=\"specification-row__value\">Muu<\/span><\/div>\n<div class=\"specification-row\"><span class=\"specification-row__label\">Tiiviku materjali kvaliteediklass<\/span><span class=\"specification-row__value\">Muu<\/span><\/div>\n<div class=\"specification-row\"><span class=\"specification-row__label\">Mahtuvooluhulk (BEP)<\/span><span class=\"specification-row__value\">2.52 m\u00b3\/h<\/span><\/div>\n<div class=\"specification-row\"><span class=\"specification-row__label\">Vooluhulga t\u00fchjendusk\u00f5rgus vooluhulga juures (BEP)<\/span><span class=\"specification-row__value\">53.92 kPa<\/span><\/div>\n<div class=\"specification-row\"><span class=\"specification-row__label\">Max v\u00e4ljalaskevool<\/span><span class=\"specification-row__value\">4.5 m\u00b3\/h<\/span><\/div>\n<div class=\"specification-row\"><span class=\"specification-row__label\">Max staatiline k\u00f5rgus<\/span><span class=\"specification-row__value\">7.5 m<\/span><\/div>\n<div class=\"specification-row\"><span class=\"specification-row__label\">Max t\u00f6\u00f6r\u00f5hk<\/span><span class=\"specification-row__value\">10 bar<\/span><\/div>\n<div class=\"specification-row\"><span class=\"specification-row__label\">Kaksikpump<\/span><span class=\"specification-row__value\">ei<\/span><\/div>\n<div class=\"specification-row\"><span class=\"specification-row__label\">Elektri\u00fchendus<\/span><span class=\"specification-row__value\">\u00dchenduspistik<\/span><\/div>\n<div class=\"specification-row\"><span class=\"specification-row__label\">Nimipinge<\/span><span class=\"specification-row__value\">220 &#8211; 240 V<\/span><\/div>\n<div class=\"specification-row\"><span class=\"specification-row__label\">Faaside arv<\/span><span class=\"specification-row__value\">1<\/span><\/div>\n<div class=\"specification-row\"><span class=\"specification-row__label\">Sagedus<\/span><span class=\"specification-row__value\">50 Hz<\/span><\/div>\n<div class=\"specification-row\"><span class=\"specification-row__label\">Nimivool<\/span><span class=\"specification-row__value\">0.68 A<\/span><\/div>\n<div>\n<div class=\"specification-row\"><span class=\"specification-row__label\">M\u00f5\u00f5dud<\/span><span class=\"specification-row__value\">191 x 130 x 166 mm<\/span><\/div>\n<div class=\"specification-row\"><span class=\"specification-row__label\">Maht<\/span><span class=\"specification-row__value\">4.122 l<\/span><\/div>\n<div class=\"specification-row\"><span class=\"specification-row__label\">Kaal<\/span><span class=\"specification-row__value\">2 kg<\/span><\/div>\n<div class=\"specification-row\"><span class=\"specification-row__label\">\u00dchik<\/span><span class=\"specification-row__value\">tk<\/span><\/div>\n<div class=\"specification-row\"><span class=\"specification-row__label\">Pakendi suurused<\/span><span class=\"specification-row__value\">1<\/span><\/div>\n<div class=\"specification-row\"><span class=\"specification-row__label\">Kogus pakendis<\/span><span class=\"specification-row__value\">\u2013<\/span><\/div>\n<div class=\"specification-row\"><span class=\"specification-row__label\">UNSPSC<\/span><span class=\"specification-row__value\">40151504<\/span><\/div>\n<div class=\"specification-row\"><span class=\"specification-row__label\">Kaubam\u00e4rk<\/span><span class=\"specification-row__value\">GRUNDFOS<\/span><\/div>\n<\/div>\n<\/div>\n<\/div>\n<h3 class=\"product-title font-product test-product-title color-brand-blue\"><\/h3>\n<p>&nbsp;<\/p>","protected":false},"excerpt":{"rendered":"<p>GRUNDFOS K\u00dcTTES\u00dcSTEEMI PUMP ALPHA2 GO 25-75 180 230V Pumba korpuse kvaliteediklassMalm GG 15 (GJL-50) Rootori\/pumbaratta materjalMuu Tiiviku materjali kvaliteediklassMuu Mahtuvooluhulk (BEP)2.52 m\u00b3\/h Vooluhulga t\u00fchjendusk\u00f5rgus vooluhulga juures (BEP)53.92 kPa Max v\u00e4ljalaskevool4.5 m\u00b3\/h Max staatiline k\u00f5rgus7.5 m Max t\u00f6\u00f6r\u00f5hk10 bar Kaksikpumpei Elektri\u00fchendus\u00dchenduspistik Nimipinge220 &#8211; 240 V Faaside arv1 Sagedus50 Hz Nimivool0.68 A M\u00f5\u00f5dud191 x 130 x 166 [&hellip;]<\/p>","protected":false},"featured_media":8208,"template":"","meta":{"_regular_price":["497.99"],"currency_symbol":[],"ub_ctt_via":""},"product_brand":[],"product_cat":[73],"product_tag":[],"class_list":{"0":"post-8195","1":"product","2":"type-product","3":"status-publish","4":"has-post-thumbnail","6":"product_cat-pumbad","8":"first","9":"instock","10":"taxable","11":"shipping-taxable","12":"purchasable","13":"product-type-simple"},"post_slider_layout_featured_media_urls":{"thumbnail":["https:\/\/smartal.ee\/wp-content\/uploads\/2026\/02\/productgroup-150x150.jpeg",150,150,true],"post_slider_layout_landscape_large":["https:\/\/smartal.ee\/wp-content\/uploads\/2026\/02\/productgroup.jpeg",600,450,false],"post_slider_layout_portrait_large":["https:\/\/smartal.ee\/wp-content\/uploads\/2026\/02\/productgroup.jpeg",600,450,false],"post_slider_layout_square_large":["https:\/\/smartal.ee\/wp-content\/uploads\/2026\/02\/productgroup.jpeg",600,450,false],"post_slider_layout_landscape":["https:\/\/smartal.ee\/wp-content\/uploads\/2026\/02\/productgroup-600x400.jpeg",600,400,true],"post_slider_layout_portrait":["https:\/\/smartal.ee\/wp-content\/uploads\/2026\/02\/productgroup.jpeg",600,450,false],"post_slider_layout_square":["https:\/\/smartal.ee\/wp-content\/uploads\/2026\/02\/productgroup.jpeg",600,450,false],"full":["https:\/\/smartal.ee\/wp-content\/uploads\/2026\/02\/productgroup.jpeg",600,450,false]},"_links":{"self":[{"href":"https:\/\/smartal.ee\/ru\/wp-json\/wp\/v2\/product\/8195","targetHints":{"allow":["GET"]}}],"collection":[{"href":"https:\/\/smartal.ee\/ru\/wp-json\/wp\/v2\/product"}],"about":[{"href":"https:\/\/smartal.ee\/ru\/wp-json\/wp\/v2\/types\/product"}],"wp:featuredmedia":[{"embeddable":true,"href":"https:\/\/smartal.ee\/ru\/wp-json\/wp\/v2\/media\/8208"}],"wp:attachment":[{"href":"https:\/\/smartal.ee\/ru\/wp-json\/wp\/v2\/media?parent=8195"}],"wp:term":[{"taxonomy":"product_brand","embeddable":true,"href":"https:\/\/smartal.ee\/ru\/wp-json\/wp\/v2\/product_brand?post=8195"},{"taxonomy":"product_cat","embeddable":true,"href":"https:\/\/smartal.ee\/ru\/wp-json\/wp\/v2\/product_cat?post=8195"},{"taxonomy":"product_tag","embeddable":true,"href":"https:\/\/smartal.ee\/ru\/wp-json\/wp\/v2\/product_tag?post=8195"}],"curies":[{"name":"wp","href":"https:\/\/api.w.org\/{rel}","templated":true}]}}