{"id":8210,"date":"2026-02-14T10:26:19","date_gmt":"2026-02-14T07:26:19","guid":{"rendered":"https:\/\/smartal.ee\/?post_type=product&#038;p=8210"},"modified":"2026-03-17T08:04:35","modified_gmt":"2026-03-17T05:04:35","slug":"metal-work-klapp-sov-25-sos-oo-1-8-5-2-sol-spr-osr","status":"publish","type":"product","link":"https:\/\/smartal.ee\/ru\/shop\/suruohk-pneumaatika\/metal-work-pneumaatika\/metal-work-klapp-sov-25-sos-oo-1-8-5-2-sol-spr-osr\/","title":{"rendered":"METAL WORK Klapp SOV 25 SOS OO &#8211; 1\/8 5\/2 SOL\/SPR (OSR)"},"content":{"rendered":"<h4>METAL WORK Klapp SOV 25 SOS OO &#8211; 1\/8 5\/2 SOL\/SPR (OSR)<\/h4>\n<p>7010021100<\/p>\n<div class=\"row\">\n<div class=\"col-xs-10 col-xs-push-1 col-sm-6 col-sm-push-0 col-lg-4\">\n<div class=\"image-gallery js-gallery\">\n<div class=\"carousel image-gallery__image js-gallery-image owl-carousel owl-theme\">\n<div class=\"owl-wrapper-outer\">\n<div class=\"owl-wrapper\">\n<div class=\"owl-item\">\n<div class=\"item\">\n<table id=\"product-attribute-specs-table\" class=\"data table additional-attributes\">\n<caption class=\"table-caption\">Lisainformatsioon<\/caption>\n<tbody>\n<tr>\n<th class=\"col label\" scope=\"row\">Kaal (kg)<\/th>\n<td class=\"col data\" data-th=\"Kaal (kg)\">0.135000<\/td>\n<\/tr>\n<tr>\n<th class=\"col label\" scope=\"row\">K\u00f5rgus (mm)<\/th>\n<td class=\"col data\" data-th=\"K\u00f5rgus (mm)\">0.000000<\/td>\n<\/tr>\n<tr>\n<th class=\"col label\" scope=\"row\">Laius (mm)<\/th>\n<td class=\"col data\" data-th=\"Laius (mm)\">0.000000<\/td>\n<\/tr>\n<tr>\n<th class=\"col label\" scope=\"row\">Pikkus (mm)<\/th>\n<td class=\"col data\" data-th=\"Pikkus (mm)\">0.000000<\/td>\n<\/tr>\n<tr>\n<th class=\"col label\" scope=\"row\">\u00dchik<\/th>\n<td class=\"col data\" data-th=\"\u00dchik\">tk<\/td>\n<\/tr>\n<tr>\n<th class=\"col label\" scope=\"row\">Keere 1<\/th>\n<td class=\"col data\" data-th=\"Keere 1\">G 1\/8&#8243;<\/td>\n<\/tr>\n<tr>\n<th class=\"col label\" scope=\"row\">T\u00f6\u00f6surve (bar)<\/th>\n<td class=\"col data\" data-th=\"T\u00f6\u00f6surve (bar)\">10<\/td>\n<\/tr>\n<tr>\n<th class=\"col label\" scope=\"row\">Materjal<\/th>\n<td class=\"col data\" data-th=\"Materjal\">Alumiinium<\/td>\n<\/tr>\n<tr>\n<th class=\"col label\" scope=\"row\">T\u00fc\u00fcp<\/th>\n<td class=\"col data\" data-th=\"T\u00fc\u00fcp\">Solenoid 5\/2<\/td>\n<\/tr>\n<tr>\n<th class=\"col label\" scope=\"row\">Minimaalne t\u00f6\u00f6temperatuur (\u00b0C)<\/th>\n<td class=\"col data\" data-th=\"Minimaalne t\u00f6\u00f6temperatuur (\u00b0C)\">-10<\/td>\n<\/tr>\n<tr>\n<th class=\"col label\" scope=\"row\">Maksimaalne t\u00f6\u00f6temperatuur (\u00b0C)<\/th>\n<td class=\"col data\" data-th=\"Maksimaalne t\u00f6\u00f6temperatuur (\u00b0C)\">60<\/td>\n<\/tr>\n<\/tbody>\n<\/table>\n<\/div>\n<\/div>\n<\/div>\n<\/div>\n<\/div>\n<\/div>\n<\/div>\n<\/div>","protected":false},"excerpt":{"rendered":"<p>METAL WORK Klapp SOV 25 SOS OO &#8211; 1\/8 5\/2 SOL\/SPR (OSR) 7010021100 Lisainformatsioon Kaal (kg) 0.135000 K\u00f5rgus (mm) 0.000000 Laius (mm) 0.000000 Pikkus (mm) 0.000000 \u00dchik tk Keere 1 G 1\/8&#8243; T\u00f6\u00f6surve (bar) 10 Materjal Alumiinium T\u00fc\u00fcp Solenoid 5\/2 Minimaalne t\u00f6\u00f6temperatuur (\u00b0C) -10 Maksimaalne t\u00f6\u00f6temperatuur (\u00b0C) 60<\/p>","protected":false},"featured_media":7307,"template":"","meta":{"_regular_price":["108.99"],"currency_symbol":[],"ub_ctt_via":""},"product_brand":[],"product_cat":[113],"product_tag":[],"class_list":{"0":"post-8210","1":"product","2":"type-product","3":"status-publish","4":"has-post-thumbnail","6":"product_cat-metal-work-pneumaatika","8":"first","9":"instock","10":"sale","11":"taxable","12":"shipping-taxable","13":"purchasable","14":"product-type-simple"},"post_slider_layout_featured_media_urls":{"thumbnail":["https:\/\/smartal.ee\/wp-content\/uploads\/2025\/04\/pv7010020200_pneumoventiil-sov-23-sos-nc-150x150.png",150,150,true],"post_slider_layout_landscape_large":["https:\/\/smartal.ee\/wp-content\/uploads\/2025\/04\/pv7010020200_pneumoventiil-sov-23-sos-nc.png",700,700,false],"post_slider_layout_portrait_large":["https:\/\/smartal.ee\/wp-content\/uploads\/2025\/04\/pv7010020200_pneumoventiil-sov-23-sos-nc.png",700,700,false],"post_slider_layout_square_large":["https:\/\/smartal.ee\/wp-content\/uploads\/2025\/04\/pv7010020200_pneumoventiil-sov-23-sos-nc.png",700,700,false],"post_slider_layout_landscape":["https:\/\/smartal.ee\/wp-content\/uploads\/2025\/04\/pv7010020200_pneumoventiil-sov-23-sos-nc.png",400,400,false],"post_slider_layout_portrait":["https:\/\/smartal.ee\/wp-content\/uploads\/2025\/04\/pv7010020200_pneumoventiil-sov-23-sos-nc.png",600,600,false],"post_slider_layout_square":["https:\/\/smartal.ee\/wp-content\/uploads\/2025\/04\/pv7010020200_pneumoventiil-sov-23-sos-nc.png",600,600,false],"full":["https:\/\/smartal.ee\/wp-content\/uploads\/2025\/04\/pv7010020200_pneumoventiil-sov-23-sos-nc.png",700,700,false]},"_links":{"self":[{"href":"https:\/\/smartal.ee\/ru\/wp-json\/wp\/v2\/product\/8210","targetHints":{"allow":["GET"]}}],"collection":[{"href":"https:\/\/smartal.ee\/ru\/wp-json\/wp\/v2\/product"}],"about":[{"href":"https:\/\/smartal.ee\/ru\/wp-json\/wp\/v2\/types\/product"}],"wp:featuredmedia":[{"embeddable":true,"href":"https:\/\/smartal.ee\/ru\/wp-json\/wp\/v2\/media\/7307"}],"wp:attachment":[{"href":"https:\/\/smartal.ee\/ru\/wp-json\/wp\/v2\/media?parent=8210"}],"wp:term":[{"taxonomy":"product_brand","embeddable":true,"href":"https:\/\/smartal.ee\/ru\/wp-json\/wp\/v2\/product_brand?post=8210"},{"taxonomy":"product_cat","embeddable":true,"href":"https:\/\/smartal.ee\/ru\/wp-json\/wp\/v2\/product_cat?post=8210"},{"taxonomy":"product_tag","embeddable":true,"href":"https:\/\/smartal.ee\/ru\/wp-json\/wp\/v2\/product_tag?post=8210"}],"curies":[{"name":"wp","href":"https:\/\/api.w.org\/{rel}","templated":true}]}}