{"id":8278,"date":"2026-03-16T21:45:53","date_gmt":"2026-03-16T18:45:53","guid":{"rendered":"https:\/\/smartal.ee\/?post_type=product&#038;p=8278"},"modified":"2026-03-16T22:09:05","modified_gmt":"2026-03-16T19:09:05","slug":"sick-hudraulika-rohuandur-0-400bar-4-20ma-m12-pbt-rb400sg1ssnama0z-6038656","status":"publish","type":"product","link":"https:\/\/smartal.ee\/ru\/shop\/uncategorized\/andurid\/sick\/sick-hudraulika-rohuandur-0-400bar-4-20ma-m12-pbt-rb400sg1ssnama0z-6038656\/","title":{"rendered":"SICK H\u00fcdraulika R\u00f5huandur 0-400bar, 4-20mA, M12, PBT-RB400SG1SSNAMA0Z (6038656)"},"content":{"rendered":"<h4>SICK H\u00fcdraulika R\u00f5huandur 0-400bar, 4-20mA, M12, PBT-RB400SG1SSNAMA0Z (6038656)<\/h4>\n<p>&nbsp;<\/p>\n<table>\n<tbody>\n<tr>\n<td>Medium<\/td>\n<td>Liquid, gaseous<\/td>\n<\/tr>\n<tr>\n<td>Pressure type<\/td>\n<td>Gauge pressure<\/td>\n<\/tr>\n<tr>\n<td>Pressure unit<\/td>\n<td>bar<\/td>\n<\/tr>\n<tr>\n<td>Measuring range<\/td>\n<td>0\u00a0bar\u00a0&#8230; 400\u00a0bar<\/td>\n<\/tr>\n<tr>\n<td>Process temperature<\/td>\n<td>0\u00a0\u00b0C\u00a0&#8230; +80\u00a0\u00b0C<\/td>\n<\/tr>\n<tr>\n<td>Maximum ohmic load R<sub>A<\/sub><\/td>\n<td>4\u00a0mA\u00a0&#8230; 20\u00a0mA, 2-wire (R<sub>A<\/sub>\u00a0\u2264 (L<sup>+<\/sup>\u00a0&#8211; 8\u00a0V) \/ 0.02\u00a0A [Ohm]), 0\u00a0V\u00a0&#8230; 10\u00a0V, 3-wire (R<sub>A<\/sub>\u00a0&gt;\u00a010\u00a0kOhm), 0\u00a0V &#8230;\u00a05 V, 3-wire (R<sub>A<\/sub>\u00a0&gt;\u00a05 kOhm)<\/td>\n<\/tr>\n<tr>\n<td>Output signal<\/td>\n<td>4\u00a0mA\u00a0&#8230; 20\u00a0mA, 2-wire<\/td>\n<\/tr>\n<\/tbody>\n<\/table>\n<p>https:\/\/www.sick.com\/media\/pdf\/4\/34\/434\/dataSheet_PBT-RB400SG1SSNAMA0Z_6038656_en.pdf<\/p>\n<p>&nbsp;<\/p>\n<p>&nbsp;<\/p>\n<p>&nbsp;<\/p>\n<p class=\"col-12 col-lg-10 product-intro__title\">","protected":false},"excerpt":{"rendered":"<p>SICK H\u00fcdraulika R\u00f5huandur 0-400bar, 4-20mA, M12, PBT-RB400SG1SSNAMA0Z (6038656) &nbsp; Medium Liquid, gaseous Pressure type Gauge pressure Pressure unit bar Measuring range 0\u00a0bar\u00a0&#8230; 400\u00a0bar Process temperature 0\u00a0\u00b0C\u00a0&#8230; +80\u00a0\u00b0C Maximum ohmic load RA 4\u00a0mA\u00a0&#8230; 20\u00a0mA, 2-wire (RA\u00a0\u2264 (L+\u00a0&#8211; 8\u00a0V) \/ 0.02\u00a0A [Ohm]), 0\u00a0V\u00a0&#8230; 10\u00a0V, 3-wire (RA\u00a0&gt;\u00a010\u00a0kOhm), 0\u00a0V &#8230;\u00a05 V, 3-wire (RA\u00a0&gt;\u00a05 kOhm) Output signal 4\u00a0mA\u00a0&#8230; 20\u00a0mA, 2-wire [&hellip;]<\/p>","protected":false},"featured_media":8279,"template":"","meta":{"_regular_price":["384.42"],"currency_symbol":[],"ub_ctt_via":""},"product_brand":[],"product_cat":[94],"product_tag":[],"class_list":{"0":"post-8278","1":"product","2":"type-product","3":"status-publish","4":"has-post-thumbnail","6":"product_cat-sick","8":"first","9":"onbackorder","10":"taxable","11":"shipping-taxable","12":"purchasable","13":"product-type-simple"},"post_slider_layout_featured_media_urls":{"thumbnail":["https:\/\/smartal.ee\/wp-content\/uploads\/2026\/03\/Untitled-150x150.png",150,150,true],"post_slider_layout_landscape_large":["https:\/\/smartal.ee\/wp-content\/uploads\/2026\/03\/Untitled.png",784,606,false],"post_slider_layout_portrait_large":["https:\/\/smartal.ee\/wp-content\/uploads\/2026\/03\/Untitled.png",784,606,false],"post_slider_layout_square_large":["https:\/\/smartal.ee\/wp-content\/uploads\/2026\/03\/Untitled.png",784,606,false],"post_slider_layout_landscape":["https:\/\/smartal.ee\/wp-content\/uploads\/2026\/03\/Untitled-600x400.png",600,400,true],"post_slider_layout_portrait":["https:\/\/smartal.ee\/wp-content\/uploads\/2026\/03\/Untitled-600x606.png",600,606,true],"post_slider_layout_square":["https:\/\/smartal.ee\/wp-content\/uploads\/2026\/03\/Untitled-600x600.png",600,600,true],"full":["https:\/\/smartal.ee\/wp-content\/uploads\/2026\/03\/Untitled.png",784,606,false]},"_links":{"self":[{"href":"https:\/\/smartal.ee\/ru\/wp-json\/wp\/v2\/product\/8278","targetHints":{"allow":["GET"]}}],"collection":[{"href":"https:\/\/smartal.ee\/ru\/wp-json\/wp\/v2\/product"}],"about":[{"href":"https:\/\/smartal.ee\/ru\/wp-json\/wp\/v2\/types\/product"}],"wp:featuredmedia":[{"embeddable":true,"href":"https:\/\/smartal.ee\/ru\/wp-json\/wp\/v2\/media\/8279"}],"wp:attachment":[{"href":"https:\/\/smartal.ee\/ru\/wp-json\/wp\/v2\/media?parent=8278"}],"wp:term":[{"taxonomy":"product_brand","embeddable":true,"href":"https:\/\/smartal.ee\/ru\/wp-json\/wp\/v2\/product_brand?post=8278"},{"taxonomy":"product_cat","embeddable":true,"href":"https:\/\/smartal.ee\/ru\/wp-json\/wp\/v2\/product_cat?post=8278"},{"taxonomy":"product_tag","embeddable":true,"href":"https:\/\/smartal.ee\/ru\/wp-json\/wp\/v2\/product_tag?post=8278"}],"curies":[{"name":"wp","href":"https:\/\/api.w.org\/{rel}","templated":true}]}}