{"id":8280,"date":"2026-03-16T22:00:39","date_gmt":"2026-03-16T19:00:39","guid":{"rendered":"https:\/\/smartal.ee\/?post_type=product&#038;p=8280"},"modified":"2026-03-19T15:02:39","modified_gmt":"2026-03-19T12:02:39","slug":"clean-n-safe-aerosool-20-oz","status":"publish","type":"product","link":"https:\/\/smartal.ee\/ru\/shop\/tookoja-ja-toostuskeemia\/clean-n-safe-aerosool-20-oz\/","title":{"rendered":"CLEAN-N-SAFE aerosool 20 oz"},"content":{"rendered":"<h4>CLEAN-N-SAFE aerosool 20 oz<\/h4>\n<h1 class=\"product_title entry-title\">Clean-N-Safe aerosool \u2013 \u00f5hukonditsioneeride puhastusvahend<\/h1>\n<p class=\"price\">Clean-N-Safe on spiraalipuhastusvahend \u00f5hukonditsiooneeridele puhastab ohutult HVAC\/R spiraale. See on biolagunev ega ohusta inimesi, loomi, veeorganisme ega taimi. Erinevalt tugevatoimelistest happe- ja leeliselistest puhastusvahenditest, ei korrodeeri see metallist rakendust\u00f6\u00f6riistu.<\/p>\n<div class=\"woocommerce-product-details__short-description\">\n<ul>\n<li>Vaht puhastab ja eemaldab t\u00f5husalt mustuse seadmeid kahjustamata.<\/li>\n<li>Toodet ei pea veega maha pesema.<\/li>\n<li>Toode on biolagunev.<\/li>\n<\/ul>\n<\/div>\n<div class=\"product_meta\"><\/div>\n<p>&nbsp;<\/p>\n<h4><\/h4>","protected":false},"excerpt":{"rendered":"<p>CLEAN-N-SAFE aerosool 20 oz Clean-N-Safe aerosool \u2013 \u00f5hukonditsioneeride puhastusvahend Clean-N-Safe on spiraalipuhastusvahend \u00f5hukonditsiooneeridele puhastab ohutult HVAC\/R spiraale. See on biolagunev ega ohusta inimesi, loomi, veeorganisme ega taimi. Erinevalt tugevatoimelistest happe- ja leeliselistest puhastusvahenditest, ei korrodeeri see metallist rakendust\u00f6\u00f6riistu. Vaht puhastab ja eemaldab t\u00f5husalt mustuse seadmeid kahjustamata. Toodet ei pea veega maha pesema. Toode on biolagunev. [&hellip;]<\/p>","protected":false},"featured_media":8281,"template":"","meta":{"_regular_price":["18.99"],"currency_symbol":[],"ub_ctt_via":""},"product_brand":[],"product_cat":[132],"product_tag":[],"class_list":{"0":"post-8280","1":"product","2":"type-product","3":"status-publish","4":"has-post-thumbnail","6":"product_cat-tookoja-ja-toostuskeemia","8":"first","9":"instock","10":"taxable","11":"shipping-taxable","12":"purchasable","13":"product-type-simple"},"post_slider_layout_featured_media_urls":{"thumbnail":["https:\/\/smartal.ee\/wp-content\/uploads\/2026\/03\/Clean-n-Safe-150x150.jpg",150,150,true],"post_slider_layout_landscape_large":["https:\/\/smartal.ee\/wp-content\/uploads\/2026\/03\/Clean-n-Safe.jpg",500,500,false],"post_slider_layout_portrait_large":["https:\/\/smartal.ee\/wp-content\/uploads\/2026\/03\/Clean-n-Safe.jpg",500,500,false],"post_slider_layout_square_large":["https:\/\/smartal.ee\/wp-content\/uploads\/2026\/03\/Clean-n-Safe.jpg",500,500,false],"post_slider_layout_landscape":["https:\/\/smartal.ee\/wp-content\/uploads\/2026\/03\/Clean-n-Safe-500x400.jpg",500,400,true],"post_slider_layout_portrait":["https:\/\/smartal.ee\/wp-content\/uploads\/2026\/03\/Clean-n-Safe.jpg",500,500,false],"post_slider_layout_square":["https:\/\/smartal.ee\/wp-content\/uploads\/2026\/03\/Clean-n-Safe.jpg",500,500,false],"full":["https:\/\/smartal.ee\/wp-content\/uploads\/2026\/03\/Clean-n-Safe.jpg",500,500,false]},"_links":{"self":[{"href":"https:\/\/smartal.ee\/ru\/wp-json\/wp\/v2\/product\/8280","targetHints":{"allow":["GET"]}}],"collection":[{"href":"https:\/\/smartal.ee\/ru\/wp-json\/wp\/v2\/product"}],"about":[{"href":"https:\/\/smartal.ee\/ru\/wp-json\/wp\/v2\/types\/product"}],"wp:featuredmedia":[{"embeddable":true,"href":"https:\/\/smartal.ee\/ru\/wp-json\/wp\/v2\/media\/8281"}],"wp:attachment":[{"href":"https:\/\/smartal.ee\/ru\/wp-json\/wp\/v2\/media?parent=8280"}],"wp:term":[{"taxonomy":"product_brand","embeddable":true,"href":"https:\/\/smartal.ee\/ru\/wp-json\/wp\/v2\/product_brand?post=8280"},{"taxonomy":"product_cat","embeddable":true,"href":"https:\/\/smartal.ee\/ru\/wp-json\/wp\/v2\/product_cat?post=8280"},{"taxonomy":"product_tag","embeddable":true,"href":"https:\/\/smartal.ee\/ru\/wp-json\/wp\/v2\/product_tag?post=8280"}],"curies":[{"name":"wp","href":"https:\/\/api.w.org\/{rel}","templated":true}]}}