{"id":8388,"date":"2026-03-26T17:13:07","date_gmt":"2026-03-26T14:13:07","guid":{"rendered":"https:\/\/smartal.ee\/?post_type=product&#038;p=8388"},"modified":"2026-03-26T17:16:40","modified_gmt":"2026-03-26T14:16:40","slug":"festo-drossel-uhesuunaline-valjundohule-vfoe-le-t-g14-q8","status":"publish","type":"product","link":"https:\/\/smartal.ee\/ru\/shop\/suruohk-pneumaatika\/festo-pneumaatika\/festo-drossel-uhesuunaline-valjundohule-vfoe-le-t-g14-q8\/","title":{"rendered":"FESTO Drossel \u00dchesuunaline V\u00e4ljund\u00f5hule VFOE-LE-T-G14-Q8"},"content":{"rendered":"<h4>FESTO Drossel \u00dchesuunaline V\u00e4ljund\u00f5hule VFOE-LE-T-G14-Q8<\/h4>\n<p>Kirjeldus:<\/p>\n<p>Valve function : One-way flow control function for exhaust air<br \/>\nStandard nominal flow rate in flow control direction : 500 l\/min<br \/>\nWidth across flats : 16 mm<br \/>\nPneumatic connection, port 1 : QS-8<br \/>\nAdjusting element : Rotary knob with lock<br \/>\n\u2014\u2014\u2014\u2014\u2014\u2014\u2014\u2014\u2014\u2014\u2014\u2014<br \/>\nDokumentatsioon \u2013&gt; https:\/\/www.festo.com\/ee\/et\/a\/8068729\/?autoShowCatPDF=true&amp;fwacid=5e0593d0565115ee<br \/>\nKasutusjuhendid \u2013&gt; https:\/\/www.festo.com\/ee\/et\/a\/8068729\/?tab=SUPPORT_PORTAL&amp;jumpToAnchor=true&amp;supportPortalTab=technical_documentation&amp;fwacid=5e0593d0565115ee<br \/>\nP\u00f5hiandmed \u2013&gt; https:\/\/www.festo.com\/ee\/et\/a\/download-document\/datasheet\/8068729\/?fwacid=5e0593d0565115ee<br \/>\nTarvikud \u2013&gt; https:\/\/www.festo.com\/ee\/et\/a\/8068729\/?tab=ACCESSORIES&amp;jumpToAnchor=true&amp;fwacid=5e0593d0565115ee<br \/>\nVaruosad \u2013&gt; https:\/\/www.festo.com\/spc\/et_ee\/SparePartsCatalogue\/?search=8068729&amp;fwacid=5e0593d0565115ee<\/p>","protected":false},"excerpt":{"rendered":"<p>FESTO Drossel \u00dchesuunaline V\u00e4ljund\u00f5hule VFOE-LE-T-G14-Q8 Kirjeldus: Valve function : One-way flow control function for exhaust air Standard nominal flow rate in flow control direction : 500 l\/min Width across flats : 16 mm Pneumatic connection, port 1 : QS-8 Adjusting element : Rotary knob with lock \u2014\u2014\u2014\u2014\u2014\u2014\u2014\u2014\u2014\u2014\u2014\u2014 Dokumentatsioon \u2013&gt; https:\/\/www.festo.com\/ee\/et\/a\/8068729\/?autoShowCatPDF=true&amp;fwacid=5e0593d0565115ee Kasutusjuhendid \u2013&gt; https:\/\/www.festo.com\/ee\/et\/a\/8068729\/?tab=SUPPORT_PORTAL&amp;jumpToAnchor=true&amp;supportPortalTab=technical_documentation&amp;fwacid=5e0593d0565115ee P\u00f5hiandmed \u2013&gt; [&hellip;]<\/p>","protected":false},"featured_media":8327,"template":"","meta":{"_regular_price":["18.05"],"currency_symbol":[],"ub_ctt_via":""},"product_brand":[],"product_cat":[109],"product_tag":[],"class_list":{"0":"post-8388","1":"product","2":"type-product","3":"status-publish","4":"has-post-thumbnail","6":"product_cat-festo-pneumaatika","8":"first","9":"instock","10":"taxable","11":"shipping-taxable","12":"purchasable","13":"product-type-simple"},"post_slider_layout_featured_media_urls":{"thumbnail":["https:\/\/smartal.ee\/wp-content\/uploads\/2026\/03\/82298_1056x1024-j-150x150.jpg",150,150,true],"post_slider_layout_landscape_large":["https:\/\/smartal.ee\/wp-content\/uploads\/2026\/03\/82298_1056x1024-j-1021x800.jpg",1021,800,true],"post_slider_layout_portrait_large":["https:\/\/smartal.ee\/wp-content\/uploads\/2026\/03\/82298_1056x1024-j.jpg",1021,1024,false],"post_slider_layout_square_large":["https:\/\/smartal.ee\/wp-content\/uploads\/2026\/03\/82298_1056x1024-j.jpg",1021,1024,false],"post_slider_layout_landscape":["https:\/\/smartal.ee\/wp-content\/uploads\/2026\/03\/82298_1056x1024-j-600x400.jpg",600,400,true],"post_slider_layout_portrait":["https:\/\/smartal.ee\/wp-content\/uploads\/2026\/03\/82298_1056x1024-j-600x900.jpg",600,900,true],"post_slider_layout_square":["https:\/\/smartal.ee\/wp-content\/uploads\/2026\/03\/82298_1056x1024-j-600x600.jpg",600,600,true],"full":["https:\/\/smartal.ee\/wp-content\/uploads\/2026\/03\/82298_1056x1024-j.jpg",1021,1024,false]},"_links":{"self":[{"href":"https:\/\/smartal.ee\/ru\/wp-json\/wp\/v2\/product\/8388","targetHints":{"allow":["GET"]}}],"collection":[{"href":"https:\/\/smartal.ee\/ru\/wp-json\/wp\/v2\/product"}],"about":[{"href":"https:\/\/smartal.ee\/ru\/wp-json\/wp\/v2\/types\/product"}],"wp:featuredmedia":[{"embeddable":true,"href":"https:\/\/smartal.ee\/ru\/wp-json\/wp\/v2\/media\/8327"}],"wp:attachment":[{"href":"https:\/\/smartal.ee\/ru\/wp-json\/wp\/v2\/media?parent=8388"}],"wp:term":[{"taxonomy":"product_brand","embeddable":true,"href":"https:\/\/smartal.ee\/ru\/wp-json\/wp\/v2\/product_brand?post=8388"},{"taxonomy":"product_cat","embeddable":true,"href":"https:\/\/smartal.ee\/ru\/wp-json\/wp\/v2\/product_cat?post=8388"},{"taxonomy":"product_tag","embeddable":true,"href":"https:\/\/smartal.ee\/ru\/wp-json\/wp\/v2\/product_tag?post=8388"}],"curies":[{"name":"wp","href":"https:\/\/api.w.org\/{rel}","templated":true}]}}