{"id":8449,"date":"2026-03-29T18:05:09","date_gmt":"2026-03-29T15:05:09","guid":{"rendered":"https:\/\/smartal.ee\/?post_type=product&#038;p=8449"},"modified":"2026-03-29T18:07:39","modified_gmt":"2026-03-29T15:07:39","slug":"festo-vaakumgeneraator-vn-20-h-t6-pq4-vq5-ro2","status":"publish","type":"product","link":"https:\/\/smartal.ee\/ru\/shop\/suruohk-pneumaatika\/festo-pneumaatika\/festo-vaakumgeneraator-vn-20-h-t6-pq4-vq5-ro2\/","title":{"rendered":"FESTO Vaakumgeneraator VN-20-H-T6-PQ4-VQ5-RO2"},"content":{"rendered":"<p>FESTO Vaakumgeneraator VN-20-H-T6-PQ4-VQ5-RO2<\/p>\n<table class=\"m-simpleTable\">\n<tbody>\n<tr>\n<td class=\"m-simpleTable__cell -title\"><span class=\"u-fontWeight -normal u-fontSize -regular u-lowercase\">Weight<\/span><\/td>\n<td><span class=\"u-fontWeight -normal u-fontSize -regular\">0.191 kg<\/span><\/td>\n<\/tr>\n<tr>\n<td class=\"m-simpleTable__cell -title\"><span class=\"u-fontWeight -normal u-fontSize -regular\">screw tightening torque [Nm]<\/span><\/td>\n<td><span class=\"u-fontWeight -normal u-fontSize -regular\">0.8<\/span><\/td>\n<\/tr>\n<tr>\n<td class=\"m-simpleTable__cell -title\"><span class=\"u-fontWeight -normal u-fontSize -regular\">type<\/span><\/td>\n<td><span class=\"u-fontWeight -normal u-fontSize -regular\">Vacuum generators<\/span><\/td>\n<\/tr>\n<tr>\n<td class=\"m-simpleTable__cell -title\"><span class=\"u-fontWeight -normal u-fontSize -regular\">working medium<\/span><\/td>\n<td><span class=\"u-fontWeight -normal u-fontSize -regular\">Spr\u0119\u017cone powietrze wg ISO8573-1:2010 [7:4:4]<\/span><\/td>\n<\/tr>\n<tr>\n<td class=\"m-simpleTable__cell -title\"><span class=\"u-fontWeight -normal u-fontSize -regular\">working pressure [bar]<\/span><\/td>\n<td><span class=\"u-fontWeight -normal u-fontSize -regular\">1\u00f78<\/span><\/td>\n<\/tr>\n<\/tbody>\n<\/table>","protected":false},"excerpt":{"rendered":"<p>FESTO Vaakumgeneraator VN-20-H-T6-PQ4-VQ5-RO2 Weight 0.191 kg screw tightening torque [Nm] 0.8 type Vacuum generators working medium Spr\u0119\u017cone powietrze wg ISO8573-1:2010 [7:4:4] working pressure [bar] 1\u00f78<\/p>","protected":false},"featured_media":8450,"template":"","meta":{"_regular_price":["185.99"],"currency_symbol":[],"ub_ctt_via":""},"product_brand":[],"product_cat":[109],"product_tag":[],"class_list":{"0":"post-8449","1":"product","2":"type-product","3":"status-publish","4":"has-post-thumbnail","6":"product_cat-festo-pneumaatika","8":"first","9":"onbackorder","10":"taxable","11":"shipping-taxable","12":"purchasable","13":"product-type-simple"},"post_slider_layout_featured_media_urls":{"thumbnail":["https:\/\/smartal.ee\/wp-content\/uploads\/2026\/03\/M40265-vn-20-h-t6-pq4-vq5-ro2-1-26802274-150x150.png",150,150,true],"post_slider_layout_landscape_large":["https:\/\/smartal.ee\/wp-content\/uploads\/2026\/03\/M40265-vn-20-h-t6-pq4-vq5-ro2-1-26802274.png",400,316,false],"post_slider_layout_portrait_large":["https:\/\/smartal.ee\/wp-content\/uploads\/2026\/03\/M40265-vn-20-h-t6-pq4-vq5-ro2-1-26802274.png",400,316,false],"post_slider_layout_square_large":["https:\/\/smartal.ee\/wp-content\/uploads\/2026\/03\/M40265-vn-20-h-t6-pq4-vq5-ro2-1-26802274.png",400,316,false],"post_slider_layout_landscape":["https:\/\/smartal.ee\/wp-content\/uploads\/2026\/03\/M40265-vn-20-h-t6-pq4-vq5-ro2-1-26802274.png",400,316,false],"post_slider_layout_portrait":["https:\/\/smartal.ee\/wp-content\/uploads\/2026\/03\/M40265-vn-20-h-t6-pq4-vq5-ro2-1-26802274.png",400,316,false],"post_slider_layout_square":["https:\/\/smartal.ee\/wp-content\/uploads\/2026\/03\/M40265-vn-20-h-t6-pq4-vq5-ro2-1-26802274.png",400,316,false],"full":["https:\/\/smartal.ee\/wp-content\/uploads\/2026\/03\/M40265-vn-20-h-t6-pq4-vq5-ro2-1-26802274.png",400,316,false]},"_links":{"self":[{"href":"https:\/\/smartal.ee\/ru\/wp-json\/wp\/v2\/product\/8449","targetHints":{"allow":["GET"]}}],"collection":[{"href":"https:\/\/smartal.ee\/ru\/wp-json\/wp\/v2\/product"}],"about":[{"href":"https:\/\/smartal.ee\/ru\/wp-json\/wp\/v2\/types\/product"}],"wp:featuredmedia":[{"embeddable":true,"href":"https:\/\/smartal.ee\/ru\/wp-json\/wp\/v2\/media\/8450"}],"wp:attachment":[{"href":"https:\/\/smartal.ee\/ru\/wp-json\/wp\/v2\/media?parent=8449"}],"wp:term":[{"taxonomy":"product_brand","embeddable":true,"href":"https:\/\/smartal.ee\/ru\/wp-json\/wp\/v2\/product_brand?post=8449"},{"taxonomy":"product_cat","embeddable":true,"href":"https:\/\/smartal.ee\/ru\/wp-json\/wp\/v2\/product_cat?post=8449"},{"taxonomy":"product_tag","embeddable":true,"href":"https:\/\/smartal.ee\/ru\/wp-json\/wp\/v2\/product_tag?post=8449"}],"curies":[{"name":"wp","href":"https:\/\/api.w.org\/{rel}","templated":true}]}}