{"id":8492,"date":"2026-04-09T09:12:33","date_gmt":"2026-04-09T06:12:33","guid":{"rendered":"https:\/\/smartal.ee\/?post_type=product&#038;p=8492"},"modified":"2026-04-09T09:22:48","modified_gmt":"2026-04-09T06:22:48","slug":"abb-umberluliti-ot40f3c-1-0-2-3p-40a","status":"publish","type":"product","link":"https:\/\/smartal.ee\/ru\/shop\/elekter\/abb-kaitseluliti\/abb-umberluliti-ot40f3c-1-0-2-3p-40a\/","title":{"rendered":"ABB \u00dcMBERL\u00dcLITI OT40F3C 1-0-2 3P 40A"},"content":{"rendered":"<h4 class=\"page-title\">ABB \u00dcmberl\u00fcliti 1SCA104913R1001<\/h4>\n<h4 class=\"page-title\">I-0-II, 3P 40A AC22,<\/h4>\n<h4 class=\"page-title\">k\u00e4epidemeta<\/h4>\n<p>6417019390536<\/p>","protected":false},"excerpt":{"rendered":"<p>ABB \u00dcmberl\u00fcliti 1SCA104913R1001 I-0-II, 3P 40A AC22, k\u00e4epidemeta 6417019390536<\/p>","protected":false},"featured_media":8493,"template":"","meta":{"_regular_price":["68.99"],"currency_symbol":[],"ub_ctt_via":""},"product_brand":[],"product_cat":[117],"product_tag":[],"class_list":{"0":"post-8492","1":"product","2":"type-product","3":"status-publish","4":"has-post-thumbnail","6":"product_cat-abb-kaitseluliti","8":"first","9":"instock","10":"taxable","11":"shipping-taxable","12":"purchasable","13":"product-type-simple"},"post_slider_layout_featured_media_urls":{"thumbnail":["https:\/\/smartal.ee\/wp-content\/uploads\/2026\/04\/9IBA023665_400x400-150x150.jpg",150,150,true],"post_slider_layout_landscape_large":["https:\/\/smartal.ee\/wp-content\/uploads\/2026\/04\/9IBA023665_400x400.jpg",400,400,false],"post_slider_layout_portrait_large":["https:\/\/smartal.ee\/wp-content\/uploads\/2026\/04\/9IBA023665_400x400.jpg",400,400,false],"post_slider_layout_square_large":["https:\/\/smartal.ee\/wp-content\/uploads\/2026\/04\/9IBA023665_400x400.jpg",400,400,false],"post_slider_layout_landscape":["https:\/\/smartal.ee\/wp-content\/uploads\/2026\/04\/9IBA023665_400x400.jpg",400,400,false],"post_slider_layout_portrait":["https:\/\/smartal.ee\/wp-content\/uploads\/2026\/04\/9IBA023665_400x400.jpg",400,400,false],"post_slider_layout_square":["https:\/\/smartal.ee\/wp-content\/uploads\/2026\/04\/9IBA023665_400x400.jpg",400,400,false],"full":["https:\/\/smartal.ee\/wp-content\/uploads\/2026\/04\/9IBA023665_400x400.jpg",400,400,false]},"_links":{"self":[{"href":"https:\/\/smartal.ee\/ru\/wp-json\/wp\/v2\/product\/8492","targetHints":{"allow":["GET"]}}],"collection":[{"href":"https:\/\/smartal.ee\/ru\/wp-json\/wp\/v2\/product"}],"about":[{"href":"https:\/\/smartal.ee\/ru\/wp-json\/wp\/v2\/types\/product"}],"wp:featuredmedia":[{"embeddable":true,"href":"https:\/\/smartal.ee\/ru\/wp-json\/wp\/v2\/media\/8493"}],"wp:attachment":[{"href":"https:\/\/smartal.ee\/ru\/wp-json\/wp\/v2\/media?parent=8492"}],"wp:term":[{"taxonomy":"product_brand","embeddable":true,"href":"https:\/\/smartal.ee\/ru\/wp-json\/wp\/v2\/product_brand?post=8492"},{"taxonomy":"product_cat","embeddable":true,"href":"https:\/\/smartal.ee\/ru\/wp-json\/wp\/v2\/product_cat?post=8492"},{"taxonomy":"product_tag","embeddable":true,"href":"https:\/\/smartal.ee\/ru\/wp-json\/wp\/v2\/product_tag?post=8492"}],"curies":[{"name":"wp","href":"https:\/\/api.w.org\/{rel}","templated":true}]}}