{"id":8508,"date":"2026-04-09T18:48:34","date_gmt":"2026-04-09T15:48:34","guid":{"rendered":"https:\/\/smartal.ee\/?post_type=product&#038;p=8508"},"modified":"2026-04-09T18:51:43","modified_gmt":"2026-04-09T15:51:43","slug":"festo-drossel-uhesuunaline-valjundohule-grla-m5-qs-6-d","status":"publish","type":"product","link":"https:\/\/smartal.ee\/ru\/shop\/suruohk-pneumaatika\/festo-pneumaatika\/festo-drossel-uhesuunaline-valjundohule-grla-m5-qs-6-d\/","title":{"rendered":"FESTO Drossel \u00dchesuunaline V\u00e4ljund\u00f5hule GRLA-M5-QS-6-D"},"content":{"rendered":"<h4>FESTO Drossel \u00dchesuunaline V\u00e4ljund\u00f5hule GRLA-M5-QS-6-D<\/h4>\n<p>Kirjeldus<\/p>\n<p>\u00dchesuunaline drossel GRLA-M5-QS-6-D<\/p>\n<p>GRLA-M5-QS-6-D \u2013&gt; https:\/\/www.festo.com\/cat\/et_ee\/search?query=193139<br \/>\n193139<\/p>\n<p>Tootekood : 193139<br \/>\nValve function : One-way flow control function for exhaust air<br \/>\nStandard nominal flow rate in flow control direction : 115 l\/min<br \/>\nPneumatic connection, port 1 : QS-6<br \/>\nAdjusting element : Slotted head screw<br \/>\n\u2014\u2014\u2014\u2014\u2014\u2014\u2014\u2014\u2014\u2014\u2014\u2014<br \/>\nDokumentatsioon \u2013&gt; https:\/\/www.festo.com\/cat\/et_ee\/DKI3WebDocuments.asp?part=193139<br \/>\nKasutusjuhendid \u2013&gt; https:\/\/www.festo.com\/net\/et_ee\/SupportPortal\/default.aspx?q=193139&amp;tab=3<br \/>\nP\u00f5hiandmed \u2013&gt; https:\/\/www.festo.com\/cat\/et_ee\/DKI3WebDataSheet.asp?part=193139<br \/>\nToote t\u00f6\u00f6kindluse andmeleht \u2013&gt; https:\/\/www.festo.com\/eap\/et_ee\/ReliabilityDatasheet\/start.do?partno=193139<br \/>\nTarvikud \u2013&gt; https:\/\/www.festo.com\/cat\/et_ee\/DKI3WebAccessories.asp?part=193139<br \/>\nCAD \u2013&gt; https:\/\/www.festo.com\/cat\/et_ee\/DKI3WebCAD.asp?part=193139&amp;CADCallerId=QS<br \/>\nVaruosad \u2013&gt; https:\/\/www.festo.com\/spc\/et_ee\/redir.asp?SearchAdvanced=1&amp;TypePlate_PartNo=193139<\/p>","protected":false},"excerpt":{"rendered":"<p>FESTO Drossel \u00dchesuunaline V\u00e4ljund\u00f5hule GRLA-M5-QS-6-D Kirjeldus \u00dchesuunaline drossel GRLA-M5-QS-6-D GRLA-M5-QS-6-D \u2013&gt; https:\/\/www.festo.com\/cat\/et_ee\/search?query=193139 193139 Tootekood : 193139 Valve function : One-way flow control function for exhaust air Standard nominal flow rate in flow control direction : 115 l\/min Pneumatic connection, port 1 : QS-6 Adjusting element : Slotted head screw \u2014\u2014\u2014\u2014\u2014\u2014\u2014\u2014\u2014\u2014\u2014\u2014 Dokumentatsioon \u2013&gt; https:\/\/www.festo.com\/cat\/et_ee\/DKI3WebDocuments.asp?part=193139 Kasutusjuhendid \u2013&gt; [&hellip;]<\/p>","protected":false},"featured_media":8509,"template":"","meta":{"_regular_price":["22.99"],"currency_symbol":[],"ub_ctt_via":""},"product_brand":[],"product_cat":[109],"product_tag":[],"class_list":{"0":"post-8508","1":"product","2":"type-product","3":"status-publish","4":"has-post-thumbnail","6":"product_cat-festo-pneumaatika","8":"first","9":"instock","10":"taxable","11":"shipping-taxable","12":"purchasable","13":"product-type-simple"},"post_slider_layout_featured_media_urls":{"thumbnail":["https:\/\/smartal.ee\/wp-content\/uploads\/2026\/04\/drossel-qs-d-150x150.png",150,150,true],"post_slider_layout_landscape_large":["https:\/\/smartal.ee\/wp-content\/uploads\/2026\/04\/drossel-qs-d.png",386,400,false],"post_slider_layout_portrait_large":["https:\/\/smartal.ee\/wp-content\/uploads\/2026\/04\/drossel-qs-d.png",386,400,false],"post_slider_layout_square_large":["https:\/\/smartal.ee\/wp-content\/uploads\/2026\/04\/drossel-qs-d.png",386,400,false],"post_slider_layout_landscape":["https:\/\/smartal.ee\/wp-content\/uploads\/2026\/04\/drossel-qs-d.png",386,400,false],"post_slider_layout_portrait":["https:\/\/smartal.ee\/wp-content\/uploads\/2026\/04\/drossel-qs-d.png",386,400,false],"post_slider_layout_square":["https:\/\/smartal.ee\/wp-content\/uploads\/2026\/04\/drossel-qs-d.png",386,400,false],"full":["https:\/\/smartal.ee\/wp-content\/uploads\/2026\/04\/drossel-qs-d.png",386,400,false]},"_links":{"self":[{"href":"https:\/\/smartal.ee\/ru\/wp-json\/wp\/v2\/product\/8508","targetHints":{"allow":["GET"]}}],"collection":[{"href":"https:\/\/smartal.ee\/ru\/wp-json\/wp\/v2\/product"}],"about":[{"href":"https:\/\/smartal.ee\/ru\/wp-json\/wp\/v2\/types\/product"}],"wp:featuredmedia":[{"embeddable":true,"href":"https:\/\/smartal.ee\/ru\/wp-json\/wp\/v2\/media\/8509"}],"wp:attachment":[{"href":"https:\/\/smartal.ee\/ru\/wp-json\/wp\/v2\/media?parent=8508"}],"wp:term":[{"taxonomy":"product_brand","embeddable":true,"href":"https:\/\/smartal.ee\/ru\/wp-json\/wp\/v2\/product_brand?post=8508"},{"taxonomy":"product_cat","embeddable":true,"href":"https:\/\/smartal.ee\/ru\/wp-json\/wp\/v2\/product_cat?post=8508"},{"taxonomy":"product_tag","embeddable":true,"href":"https:\/\/smartal.ee\/ru\/wp-json\/wp\/v2\/product_tag?post=8508"}],"curies":[{"name":"wp","href":"https:\/\/api.w.org\/{rel}","templated":true}]}}