{"id":8587,"date":"2026-04-16T14:01:42","date_gmt":"2026-04-16T11:01:42","guid":{"rendered":"https:\/\/smartal.ee\/?post_type=product&#038;p=8587"},"modified":"2026-04-16T14:03:00","modified_gmt":"2026-04-16T11:03:00","slug":"eaton-marktule-hajuti-m22-l-t-labipaistev","status":"publish","type":"product","link":"https:\/\/smartal.ee\/ru\/shop\/uncategorized\/nuppud-ja-lulitid\/eaton-moller-nuppud-ja-lulitid\/eaton-marktule-hajuti-m22-l-t-labipaistev\/","title":{"rendered":"EATON M\u00e4rktule Hajuti M22 L-T L\u00e4bipaistev"},"content":{"rendered":"<h4>EATON M\u00e4rktule Hajuti M22 L-T L\u00e4bipaistev<\/h4>","protected":false},"excerpt":{"rendered":"<p>EATON M\u00e4rktule Hajuti M22 L-T L\u00e4bipaistev<\/p>","protected":false},"featured_media":8588,"template":"","meta":{"_regular_price":["4.29"],"currency_symbol":[],"ub_ctt_via":""},"product_brand":[],"product_cat":[63],"product_tag":[],"class_list":{"0":"post-8587","1":"product","2":"type-product","3":"status-publish","4":"has-post-thumbnail","6":"product_cat-eaton-moller-nuppud-ja-lulitid","8":"first","9":"instock","10":"taxable","11":"shipping-taxable","12":"purchasable","13":"product-type-simple"},"post_slider_layout_featured_media_urls":{"thumbnail":["https:\/\/smartal.ee\/wp-content\/uploads\/2026\/04\/20728653.jpg-2-150x150.avif",150,150,true],"post_slider_layout_landscape_large":["https:\/\/smartal.ee\/wp-content\/uploads\/2026\/04\/20728653.jpg-2-1200x800.avif",1200,800,true],"post_slider_layout_portrait_large":["https:\/\/smartal.ee\/wp-content\/uploads\/2026\/04\/20728653.jpg-2.avif",1200,1200,false],"post_slider_layout_square_large":["https:\/\/smartal.ee\/wp-content\/uploads\/2026\/04\/20728653.jpg-2.avif",1200,1200,false],"post_slider_layout_landscape":["https:\/\/smartal.ee\/wp-content\/uploads\/2026\/04\/20728653.jpg-2-600x400.avif",600,400,true],"post_slider_layout_portrait":["https:\/\/smartal.ee\/wp-content\/uploads\/2026\/04\/20728653.jpg-2-600x900.avif",600,900,true],"post_slider_layout_square":["https:\/\/smartal.ee\/wp-content\/uploads\/2026\/04\/20728653.jpg-2-600x600.avif",600,600,true],"full":["https:\/\/smartal.ee\/wp-content\/uploads\/2026\/04\/20728653.jpg-2.avif",1200,1200,false]},"_links":{"self":[{"href":"https:\/\/smartal.ee\/ru\/wp-json\/wp\/v2\/product\/8587","targetHints":{"allow":["GET"]}}],"collection":[{"href":"https:\/\/smartal.ee\/ru\/wp-json\/wp\/v2\/product"}],"about":[{"href":"https:\/\/smartal.ee\/ru\/wp-json\/wp\/v2\/types\/product"}],"wp:featuredmedia":[{"embeddable":true,"href":"https:\/\/smartal.ee\/ru\/wp-json\/wp\/v2\/media\/8588"}],"wp:attachment":[{"href":"https:\/\/smartal.ee\/ru\/wp-json\/wp\/v2\/media?parent=8587"}],"wp:term":[{"taxonomy":"product_brand","embeddable":true,"href":"https:\/\/smartal.ee\/ru\/wp-json\/wp\/v2\/product_brand?post=8587"},{"taxonomy":"product_cat","embeddable":true,"href":"https:\/\/smartal.ee\/ru\/wp-json\/wp\/v2\/product_cat?post=8587"},{"taxonomy":"product_tag","embeddable":true,"href":"https:\/\/smartal.ee\/ru\/wp-json\/wp\/v2\/product_tag?post=8587"}],"curies":[{"name":"wp","href":"https:\/\/api.w.org\/{rel}","templated":true}]}}