{"id":8601,"date":"2026-04-16T14:21:07","date_gmt":"2026-04-16T11:21:07","guid":{"rendered":"https:\/\/smartal.ee\/?post_type=product&#038;p=8601"},"modified":"2026-04-16T14:22:52","modified_gmt":"2026-04-16T11:22:52","slug":"eaton-poordluliti-votmega-tagastuv-m22-ws-2-pos","status":"publish","type":"product","link":"https:\/\/smartal.ee\/ru\/shop\/nuppud-ja-lulitid\/eaton-moller-nuppud-ja-lulitid\/eaton-poordluliti-votmega-tagastuv-m22-ws-2-pos\/","title":{"rendered":"EATON P\u00f6\u00f6rdl\u00fcliti v\u00f5tmega Tagastuv M22-WS 2 POS"},"content":{"rendered":"<h4>EATON P\u00f6\u00f6rdl\u00fcliti v\u00f5tmega Tagastuv M22-WS 2 POS<\/h4>","protected":false},"excerpt":{"rendered":"<p>EATON P\u00f6\u00f6rdl\u00fcliti v\u00f5tmega Tagastuv M22-WS 2 POS<\/p>","protected":false},"featured_media":8602,"template":"","meta":{"_regular_price":["34.00"],"currency_symbol":[],"ub_ctt_via":""},"product_brand":[],"product_cat":[63],"product_tag":[],"class_list":{"0":"post-8601","1":"product","2":"type-product","3":"status-publish","4":"has-post-thumbnail","6":"product_cat-eaton-moller-nuppud-ja-lulitid","8":"first","9":"onbackorder","10":"taxable","11":"shipping-taxable","12":"purchasable","13":"product-type-simple"},"post_slider_layout_featured_media_urls":{"thumbnail":["https:\/\/smartal.ee\/wp-content\/uploads\/2026\/04\/AST_MISC_26149903.jpg-150x150.avif",150,150,true],"post_slider_layout_landscape_large":["https:\/\/smartal.ee\/wp-content\/uploads\/2026\/04\/AST_MISC_26149903.jpg-1200x800.avif",1200,800,true],"post_slider_layout_portrait_large":["https:\/\/smartal.ee\/wp-content\/uploads\/2026\/04\/AST_MISC_26149903.jpg.avif",1200,1200,false],"post_slider_layout_square_large":["https:\/\/smartal.ee\/wp-content\/uploads\/2026\/04\/AST_MISC_26149903.jpg.avif",1200,1200,false],"post_slider_layout_landscape":["https:\/\/smartal.ee\/wp-content\/uploads\/2026\/04\/AST_MISC_26149903.jpg-600x400.avif",600,400,true],"post_slider_layout_portrait":["https:\/\/smartal.ee\/wp-content\/uploads\/2026\/04\/AST_MISC_26149903.jpg-600x900.avif",600,900,true],"post_slider_layout_square":["https:\/\/smartal.ee\/wp-content\/uploads\/2026\/04\/AST_MISC_26149903.jpg-600x600.avif",600,600,true],"full":["https:\/\/smartal.ee\/wp-content\/uploads\/2026\/04\/AST_MISC_26149903.jpg.avif",1200,1200,false]},"_links":{"self":[{"href":"https:\/\/smartal.ee\/ru\/wp-json\/wp\/v2\/product\/8601","targetHints":{"allow":["GET"]}}],"collection":[{"href":"https:\/\/smartal.ee\/ru\/wp-json\/wp\/v2\/product"}],"about":[{"href":"https:\/\/smartal.ee\/ru\/wp-json\/wp\/v2\/types\/product"}],"wp:featuredmedia":[{"embeddable":true,"href":"https:\/\/smartal.ee\/ru\/wp-json\/wp\/v2\/media\/8602"}],"wp:attachment":[{"href":"https:\/\/smartal.ee\/ru\/wp-json\/wp\/v2\/media?parent=8601"}],"wp:term":[{"taxonomy":"product_brand","embeddable":true,"href":"https:\/\/smartal.ee\/ru\/wp-json\/wp\/v2\/product_brand?post=8601"},{"taxonomy":"product_cat","embeddable":true,"href":"https:\/\/smartal.ee\/ru\/wp-json\/wp\/v2\/product_cat?post=8601"},{"taxonomy":"product_tag","embeddable":true,"href":"https:\/\/smartal.ee\/ru\/wp-json\/wp\/v2\/product_tag?post=8601"}],"curies":[{"name":"wp","href":"https:\/\/api.w.org\/{rel}","templated":true}]}}