{"id":8611,"date":"2026-04-23T11:11:43","date_gmt":"2026-04-23T08:11:43","guid":{"rendered":"https:\/\/smartal.ee\/?post_type=product&#038;p=8611"},"modified":"2026-04-23T11:16:15","modified_gmt":"2026-04-23T08:16:15","slug":"abb-mootorikaitseluliti-ms116-12-0-3p-8-12a-55kw","status":"publish","type":"product","link":"https:\/\/smartal.ee\/ru\/shop\/kontaktorid-ja-termoreleed\/abb-kontaktorid-ja-mootorikaitsed\/abb-mootorikaitseluliti-ms116-12-0-3p-8-12a-55kw\/","title":{"rendered":"ABB Mootorikaitsel\u00fcliti, MS116-12.0  3P 8-12A 5,5kW"},"content":{"rendered":"<h4 class=\"page-title\">ABB Mootorikaitsel\u00fcliti, MS116-12.0 3P 8-12A 5,5kW<\/h4>\n<div class=\"product-attributes__label\" tabindex=\"0\" role=\"tab\" data-role=\"etim-title\" aria-selected=\"false\" aria-expanded=\"true\">Mootorikaitsel\u00fcliti<\/div>\n<div class=\"product-attributes__list\" role=\"tabpanel\" data-role=\"etim-content\" aria-hidden=\"false\">\n<ul class=\"product-attribute\">\n<li class=\"product-attribute__item\"><span class=\"product-attribute__item-wrap\"><span class=\"product-attribute__label\">\u00dclekoormuskaitse seadistusvahemik<\/span><span class=\"product-attribute__value\">8.0 &#8211; 12 A<\/span><\/span><\/li>\n<li class=\"product-attribute__item\"><span class=\"product-attribute__item-wrap\"><span class=\"product-attribute__label\">Viivituseta l\u00fchiskatkestuse reguleerimisvahemik<\/span><span class=\"product-attribute__value\">180 &#8211; 180 A<\/span><\/span><\/li>\n<li class=\"product-attribute__item\"><span class=\"product-attribute__item-wrap\"><span class=\"product-attribute__label\">V\u00e4ljal\u00fclitustehnika<\/span><span class=\"product-attribute__value\">Termomagnetilime<\/span><\/span><\/li>\n<li class=\"product-attribute__item\"><span class=\"product-attribute__item-wrap\"><span class=\"product-attribute__label\">Tunnustalitluspinge<\/span><span class=\"product-attribute__value\">690 &#8211; 690 V<\/span><\/span><\/li>\n<li class=\"product-attribute__item\"><span class=\"product-attribute__item-wrap\"><span class=\"product-attribute__label\">Nominaalne p\u00fcsivool Iu<\/span><span class=\"product-attribute__value\">12 A<\/span><\/span><\/li>\n<li class=\"product-attribute__item\"><span class=\"product-attribute__item-wrap\"><span class=\"product-attribute__label\">Nimi k\u00e4itusv\u00f5imsus AC-3. 400 V juures<\/span><span class=\"product-attribute__value\">5.5 kW<\/span><\/span><\/li>\n<li class=\"product-attribute__item\"><span class=\"product-attribute__item-wrap\"><span class=\"product-attribute__label\">Peavooluahela \u00fchenduse t\u00fc\u00fcp<\/span><span class=\"product-attribute__value\">Kruvi\u00fchendus<\/span><\/span><\/li>\n<li class=\"product-attribute__item\"><span class=\"product-attribute__item-wrap\"><span class=\"product-attribute__label\">Juhtelemendi liik<\/span><span class=\"product-attribute__value\">P\u00f6\u00f6rake nuppu (p\u00f6\u00f6rdnupp)<\/span><\/span><\/li>\n<li class=\"product-attribute__item\"><span class=\"product-attribute__item-wrap\"><span class=\"product-attribute__label\">Seadme ehitus<\/span><span class=\"product-attribute__value\">Komplektne seade korpuses<\/span><\/span><\/li>\n<li class=\"product-attribute__item\"><span class=\"product-attribute__item-wrap\"><span class=\"product-attribute__label\">Pooluste arv<\/span><span class=\"product-attribute__value\">3<\/span><\/span><\/li>\n<li class=\"product-attribute__item\"><span class=\"product-attribute__item-wrap\"><span class=\"product-attribute__label\">Nimi lahutusv\u00f5ime l\u00fchisel Icu 400 V AC korral<\/span><span class=\"product-attribute__value\">50 kA<\/span><\/span><\/li>\n<li class=\"product-attribute__item\"><span class=\"product-attribute__item-wrap\"><span class=\"product-attribute__label\">Kaitseaste (IP)<\/span><span class=\"product-attribute__value\">IP20<\/span><\/span><\/li>\n<li class=\"product-attribute__item\"><span class=\"product-attribute__item-wrap\"><span class=\"product-attribute__label\">K\u00f5rgus<\/span><span class=\"product-attribute__value\">90 mm<\/span><\/span><\/li>\n<li class=\"product-attribute__item\"><span class=\"product-attribute__item-wrap\"><span class=\"product-attribute__label\">Laius<\/span><span class=\"product-attribute__value\">45 mm<\/span><\/span><\/li>\n<li class=\"product-attribute__item\"><span class=\"product-attribute__item-wrap\"><span class=\"product-attribute__label\">S\u00fcgavus<\/span><span class=\"product-attribute__value\">85.6 mm<\/span><\/span><\/li>\n<li class=\"product-attribute__item\"><span class=\"product-attribute__item-wrap\"><span class=\"product-attribute__label\">Termokaitsega<\/span><span class=\"product-attribute__value\">Jah<\/span><\/span><\/li>\n<li class=\"product-attribute__item\"><span class=\"product-attribute__item-wrap\"><span class=\"product-attribute__label\">Faasirikketundlik<\/span><span class=\"product-attribute__value\">Jah<\/span><\/span><\/li>\n<li class=\"product-attribute__item\"><span class=\"product-attribute__item-wrap\"><span class=\"product-attribute__label\">Nominaalne k\u00e4itusv\u00f5imsus AC-3. 230 V korral<\/span><span class=\"product-attribute__value\">5.5 kW<\/span><\/span><\/li>\n<\/ul>\n<\/div>\n<p>&nbsp;<\/p>","protected":false},"excerpt":{"rendered":"<p>ABB Mootorikaitsel\u00fcliti, MS116-12.0 3P 8-12A 5,5kW Mootorikaitsel\u00fcliti \u00dclekoormuskaitse seadistusvahemik8.0 &#8211; 12 A Viivituseta l\u00fchiskatkestuse reguleerimisvahemik180 &#8211; 180 A V\u00e4ljal\u00fclitustehnikaTermomagnetilime Tunnustalitluspinge690 &#8211; 690 V Nominaalne p\u00fcsivool Iu12 A Nimi k\u00e4itusv\u00f5imsus AC-3. 400 V juures5.5 kW Peavooluahela \u00fchenduse t\u00fc\u00fcpKruvi\u00fchendus Juhtelemendi liikP\u00f6\u00f6rake nuppu (p\u00f6\u00f6rdnupp) Seadme ehitusKomplektne seade korpuses Pooluste arv3 Nimi lahutusv\u00f5ime l\u00fchisel Icu 400 V AC korral50 [&hellip;]<\/p>","protected":false},"featured_media":8612,"template":"","meta":{"_regular_price":["69.19"],"currency_symbol":[],"ub_ctt_via":""},"product_brand":[],"product_cat":[143],"product_tag":[],"class_list":{"0":"post-8611","1":"product","2":"type-product","3":"status-publish","4":"has-post-thumbnail","6":"product_cat-abb-kontaktorid-ja-mootorikaitsed","8":"first","9":"instock","10":"taxable","11":"shipping-taxable","12":"purchasable","13":"product-type-simple"},"post_slider_layout_featured_media_urls":{"thumbnail":["https:\/\/smartal.ee\/wp-content\/uploads\/2026\/04\/pim-108700-150x150.jpg",150,150,true],"post_slider_layout_landscape_large":["https:\/\/smartal.ee\/wp-content\/uploads\/2026\/04\/pim-108700.jpg",382,540,false],"post_slider_layout_portrait_large":["https:\/\/smartal.ee\/wp-content\/uploads\/2026\/04\/pim-108700.jpg",382,540,false],"post_slider_layout_square_large":["https:\/\/smartal.ee\/wp-content\/uploads\/2026\/04\/pim-108700.jpg",382,540,false],"post_slider_layout_landscape":["https:\/\/smartal.ee\/wp-content\/uploads\/2026\/04\/pim-108700-382x400.jpg",382,400,true],"post_slider_layout_portrait":["https:\/\/smartal.ee\/wp-content\/uploads\/2026\/04\/pim-108700.jpg",382,540,false],"post_slider_layout_square":["https:\/\/smartal.ee\/wp-content\/uploads\/2026\/04\/pim-108700.jpg",382,540,false],"full":["https:\/\/smartal.ee\/wp-content\/uploads\/2026\/04\/pim-108700.jpg",382,540,false]},"_links":{"self":[{"href":"https:\/\/smartal.ee\/ru\/wp-json\/wp\/v2\/product\/8611","targetHints":{"allow":["GET"]}}],"collection":[{"href":"https:\/\/smartal.ee\/ru\/wp-json\/wp\/v2\/product"}],"about":[{"href":"https:\/\/smartal.ee\/ru\/wp-json\/wp\/v2\/types\/product"}],"wp:featuredmedia":[{"embeddable":true,"href":"https:\/\/smartal.ee\/ru\/wp-json\/wp\/v2\/media\/8612"}],"wp:attachment":[{"href":"https:\/\/smartal.ee\/ru\/wp-json\/wp\/v2\/media?parent=8611"}],"wp:term":[{"taxonomy":"product_brand","embeddable":true,"href":"https:\/\/smartal.ee\/ru\/wp-json\/wp\/v2\/product_brand?post=8611"},{"taxonomy":"product_cat","embeddable":true,"href":"https:\/\/smartal.ee\/ru\/wp-json\/wp\/v2\/product_cat?post=8611"},{"taxonomy":"product_tag","embeddable":true,"href":"https:\/\/smartal.ee\/ru\/wp-json\/wp\/v2\/product_tag?post=8611"}],"curies":[{"name":"wp","href":"https:\/\/api.w.org\/{rel}","templated":true}]}}