{"id":8629,"date":"2026-04-27T13:06:12","date_gmt":"2026-04-27T10:06:12","guid":{"rendered":"https:\/\/smartal.ee\/?post_type=product&#038;p=8629"},"modified":"2026-04-27T13:07:53","modified_gmt":"2026-04-27T10:07:53","slug":"schneider-roheline-poordluliti-2-pos-zb4bk1233","status":"publish","type":"product","link":"https:\/\/smartal.ee\/ru\/shop\/uncategorized\/nuppud-ja-lulitid\/schneider-electric-nuppud-ja-lulitid\/schneider-roheline-poordluliti-2-pos-zb4bk1233\/","title":{"rendered":"SCHNEIDER Roheline P\u00f6\u00f6rdl\u00fcliti 2 POS. ZB4BK1233"},"content":{"rendered":"<h4>SCHNEIDER Roheline P\u00f6\u00f6rdl\u00fcliti 2<span class=\"base\" data-ui-id=\"page-title-wrapper\">\u00a0POS. Fikseeruv ZB4BK1233<\/span><\/h4>","protected":false},"excerpt":{"rendered":"<p>SCHNEIDER Roheline P\u00f6\u00f6rdl\u00fcliti 2\u00a0POS. Fikseeruv ZB4BK1233<\/p>","protected":false},"featured_media":8630,"template":"","meta":{"_regular_price":["17.35"],"currency_symbol":[],"ub_ctt_via":""},"product_brand":[],"product_cat":[103],"product_tag":[],"class_list":{"0":"post-8629","1":"product","2":"type-product","3":"status-publish","4":"has-post-thumbnail","6":"product_cat-schneider-electric-nuppud-ja-lulitid","8":"first","9":"instock","10":"taxable","11":"shipping-taxable","12":"purchasable","13":"product-type-simple"},"post_slider_layout_featured_media_urls":{"thumbnail":["https:\/\/smartal.ee\/wp-content\/uploads\/2026\/04\/pim-110324-150x150.png",150,150,true],"post_slider_layout_landscape_large":["https:\/\/smartal.ee\/wp-content\/uploads\/2026\/04\/pim-110324-1200x800.png",1200,800,true],"post_slider_layout_portrait_large":["https:\/\/smartal.ee\/wp-content\/uploads\/2026\/04\/pim-110324-1200x1800.png",1200,1800,true],"post_slider_layout_square_large":["https:\/\/smartal.ee\/wp-content\/uploads\/2026\/04\/pim-110324-1200x1200.png",1200,1200,true],"post_slider_layout_landscape":["https:\/\/smartal.ee\/wp-content\/uploads\/2026\/04\/pim-110324-600x400.png",600,400,true],"post_slider_layout_portrait":["https:\/\/smartal.ee\/wp-content\/uploads\/2026\/04\/pim-110324-600x900.png",600,900,true],"post_slider_layout_square":["https:\/\/smartal.ee\/wp-content\/uploads\/2026\/04\/pim-110324-600x600.png",600,600,true],"full":["https:\/\/smartal.ee\/wp-content\/uploads\/2026\/04\/pim-110324-scaled.png",2560,2560,false]},"_links":{"self":[{"href":"https:\/\/smartal.ee\/ru\/wp-json\/wp\/v2\/product\/8629","targetHints":{"allow":["GET"]}}],"collection":[{"href":"https:\/\/smartal.ee\/ru\/wp-json\/wp\/v2\/product"}],"about":[{"href":"https:\/\/smartal.ee\/ru\/wp-json\/wp\/v2\/types\/product"}],"wp:featuredmedia":[{"embeddable":true,"href":"https:\/\/smartal.ee\/ru\/wp-json\/wp\/v2\/media\/8630"}],"wp:attachment":[{"href":"https:\/\/smartal.ee\/ru\/wp-json\/wp\/v2\/media?parent=8629"}],"wp:term":[{"taxonomy":"product_brand","embeddable":true,"href":"https:\/\/smartal.ee\/ru\/wp-json\/wp\/v2\/product_brand?post=8629"},{"taxonomy":"product_cat","embeddable":true,"href":"https:\/\/smartal.ee\/ru\/wp-json\/wp\/v2\/product_cat?post=8629"},{"taxonomy":"product_tag","embeddable":true,"href":"https:\/\/smartal.ee\/ru\/wp-json\/wp\/v2\/product_tag?post=8629"}],"curies":[{"name":"wp","href":"https:\/\/api.w.org\/{rel}","templated":true}]}}