{"id":8653,"date":"2026-05-11T10:45:57","date_gmt":"2026-05-11T07:45:57","guid":{"rendered":"https:\/\/smartal.ee\/?post_type=product&#038;p=8653"},"modified":"2026-05-11T10:54:14","modified_gmt":"2026-05-11T07:54:14","slug":"smc-suruohuvooliku-starter-kit-d4-10mm-20jm-nuga","status":"publish","type":"product","link":"https:\/\/smartal.ee\/ru\/shop\/pneumaatika\/smc-pneumaatika\/smc-suruohuvooliku-starter-kit-d4-10mm-20jm-nuga\/","title":{"rendered":"SMC Suru\u00f5huvooliku STARTER KIT D4-10mm 20jm +nuga"},"content":{"rendered":"<h4>SMC Suru\u00f5huvooliku STARTER KIT D4-10mm 20jm +nuga<\/h4>\n<p>Starkter kit sisaldab sinine suru\u00f5huvoolik D4,6,8 ja10mm, rull 20jm ja kingituseks nuga<\/p>\n<p><a href=\"https:\/\/smartal.ee\/ru\/shop\/pneumaatika\/smc-pneumaatika\/smc-suruohuvoolik-d8mm-sinine-20m\/\">SMC Suru\u00f5huvoolik D8mm pakk 20jm TU0805BU-20<\/a><\/p>\n<p><a href=\"https:\/\/smartal.ee\/ru\/shop\/pneumaatika\/smc-pneumaatika\/smc-suruohuvoolik-d10mm-sinine-20m\/\">SMC Suru\u00f5huvoolik D10mm pakk -20jm TU1065BU-20<\/a><\/p>\n<p><a href=\"https:\/\/smartal.ee\/ru\/shop\/pneumaatika\/smc-pneumaatika\/smc-suruohuvoolik-d6mm-sinine-20m\/\">SMC Suru\u00f5huvoolik D6mm pakk 20jm\u00a0TU0604BU-20<\/a><\/p>\n<p><a href=\"https:\/\/smartal.ee\/ru\/shop\/pneumaatika\/smc-pneumaatika\/smc-suruohuvoolik-d4mm-sinine-20m\/\">SMC Suru\u00f5huvoolik D4mm pakk 20jm TU0425BU-20<\/a><\/p>\n<p><a href=\"https:\/\/smartal.ee\/ru\/shop\/pneumaatika\/smc-pneumaatika\/smc-nuga-tube-cutter-tk-3\/\">SMC nuga Tube Cutter TK-3<\/a><\/p>\n<p>&nbsp;<\/p>","protected":false},"excerpt":{"rendered":"<p>SMC Suru\u00f5huvooliku STARTER KIT D4-10mm 20jm +nuga Starkter kit sisaldab sinine suru\u00f5huvoolik D4,6,8 ja10mm, rull 20jm ja kingituseks nuga SMC Suru\u00f5huvoolik D8mm pakk 20jm TU0805BU-20 SMC Suru\u00f5huvoolik D10mm pakk -20jm TU1065BU-20 SMC Suru\u00f5huvoolik D6mm pakk 20jm\u00a0TU0604BU-20 SMC Suru\u00f5huvoolik D4mm pakk 20jm TU0425BU-20 SMC nuga Tube Cutter TK-3 &nbsp;<\/p>","protected":false},"featured_media":8654,"template":"","meta":{"_regular_price":["111.99"],"currency_symbol":[],"ub_ctt_via":""},"product_brand":[],"product_cat":[110],"product_tag":[],"class_list":{"0":"post-8653","1":"product","2":"type-product","3":"status-publish","4":"has-post-thumbnail","6":"product_cat-smc-pneumaatika","8":"first","9":"instock","10":"taxable","11":"shipping-taxable","12":"purchasable","13":"product-type-simple"},"post_slider_layout_featured_media_urls":{"thumbnail":["https:\/\/smartal.ee\/wp-content\/uploads\/2026\/05\/image-1-150x150.png",150,150,true],"post_slider_layout_landscape_large":["https:\/\/smartal.ee\/wp-content\/uploads\/2026\/05\/image-1.png",1056,711,false],"post_slider_layout_portrait_large":["https:\/\/smartal.ee\/wp-content\/uploads\/2026\/05\/image-1.png",1056,711,false],"post_slider_layout_square_large":["https:\/\/smartal.ee\/wp-content\/uploads\/2026\/05\/image-1.png",1056,711,false],"post_slider_layout_landscape":["https:\/\/smartal.ee\/wp-content\/uploads\/2026\/05\/image-1-600x400.png",600,400,true],"post_slider_layout_portrait":["https:\/\/smartal.ee\/wp-content\/uploads\/2026\/05\/image-1-600x711.png",600,711,true],"post_slider_layout_square":["https:\/\/smartal.ee\/wp-content\/uploads\/2026\/05\/image-1-600x600.png",600,600,true],"full":["https:\/\/smartal.ee\/wp-content\/uploads\/2026\/05\/image-1.png",1056,711,false]},"_links":{"self":[{"href":"https:\/\/smartal.ee\/ru\/wp-json\/wp\/v2\/product\/8653","targetHints":{"allow":["GET"]}}],"collection":[{"href":"https:\/\/smartal.ee\/ru\/wp-json\/wp\/v2\/product"}],"about":[{"href":"https:\/\/smartal.ee\/ru\/wp-json\/wp\/v2\/types\/product"}],"wp:featuredmedia":[{"embeddable":true,"href":"https:\/\/smartal.ee\/ru\/wp-json\/wp\/v2\/media\/8654"}],"wp:attachment":[{"href":"https:\/\/smartal.ee\/ru\/wp-json\/wp\/v2\/media?parent=8653"}],"wp:term":[{"taxonomy":"product_brand","embeddable":true,"href":"https:\/\/smartal.ee\/ru\/wp-json\/wp\/v2\/product_brand?post=8653"},{"taxonomy":"product_cat","embeddable":true,"href":"https:\/\/smartal.ee\/ru\/wp-json\/wp\/v2\/product_cat?post=8653"},{"taxonomy":"product_tag","embeddable":true,"href":"https:\/\/smartal.ee\/ru\/wp-json\/wp\/v2\/product_tag?post=8653"}],"curies":[{"name":"wp","href":"https:\/\/api.w.org\/{rel}","templated":true}]}}